{"id":1010,"date":"2019-03-18T14:50:02","date_gmt":"2019-03-18T14:50:02","guid":{"rendered":"https:\/\/soulsync.com.mx\/?page_id=1010"},"modified":"2019-05-08T10:53:04","modified_gmt":"2019-05-08T10:53:04","slug":"virtual-sync","status":"publish","type":"page","link":"https:\/\/soulsync.com.mx\/en\/virtual-sync\/","title":{"rendered":"Virtual Sync"},"content":{"rendered":"<a href=\"https:\/\/soulsync.com.mx\/en\/\" target=\"_self\" itemprop=\"url\" rel=\"noopener noreferrer\">\n\t\t\t\t<img loading=\"lazy\" decoding=\"async\" src=\"https:\/\/soulsync.com.mx\/wp-content\/uploads\/2018\/11\/Soul-Sync_1-Tinta-S-1024x1024.png\" alt=\"Soul Sync_1 Tinta S\" itemprop=\"image\" height=\"1024\" width=\"1024\" title=\"Soul Sync_1 Ink S\" onerror=\"this.style.display='none'\"  \/>\n\t\t\t\t<\/a>\n\t\t\t\t\t\t\t\t\t<a href=\"https:\/\/soulsync.com.mx\/en\/\" target=\"_self\" itemprop=\"url\" rel=\"noopener noreferrer\">\n\t\t\t\t\t\t\t\t\t\t<img decoding=\"async\" src=\"https:\/\/soulsync.com.mx\/wp-content\/uploads\/2019\/03\/SS_Logo_Blanco.png\" alt=\"SS_Logo_Blanco\" itemprop=\"image\"  \/>\n\t\t\t\t\t\t\t\t\t\t\t\t\t\t\t<\/a>\n\t   \t<ul id=\"menu-menu-principal\"><li id=\"menu-item-170\"><a href=\"https:\/\/soulsync.com.mx\/en\/\">Home<\/a><\/li>\n<li id=\"menu-item-689\"><a href=\"https:\/\/soulsync.com.mx\/en\/nosotros\/\">About us<\/a><\/li>\n<li id=\"menu-item-691\"><a href=\"https:\/\/soulsync.com.mx\/en\/testimonios\/\">Testimonials<\/a><\/li>\n<li id=\"menu-item-771\"><a href=\"https:\/\/soulsync.com.mx\/en\/experiencias\/\">Experiences<\/a>\n<ul>\n\t<li id=\"menu-item-925\"><a href=\"https:\/\/soulsync.com.mx\/en\/reconexion-soul-sync\/\">Soul Sync Reconnection<\/a><\/li>\n\t<li id=\"menu-item-775\"><a href=\"https:\/\/soulsync.com.mx\/en\/respiracion-sincronica\/\">Synchronous Breathing<\/a><\/li>\n\t<li id=\"menu-item-774\"><a href=\"https:\/\/soulsync.com.mx\/en\/soundsync\/\">Sound Sync<\/a><\/li>\n\t<li id=\"menu-item-926\"><a href=\"https:\/\/soulsync.com.mx\/en\/el-viaje-interno\/\">The Inner Journey<\/a><\/li>\n\t<li id=\"menu-item-1014\"><a href=\"https:\/\/soulsync.com.mx\/en\/virtual-sync\/\">Virtual Sync<\/a><\/li>\n\t<li id=\"menu-item-773\"><a href=\"https:\/\/soulsync.com.mx\/en\/audios\/\">Audios<\/a><\/li>\n\t<li id=\"menu-item-772\"><a href=\"https:\/\/soulsync.com.mx\/en\/cursos-online\/\">Online courses<\/a><\/li>\n<\/ul>\n<\/li>\n<li id=\"menu-item-716\"><a href=\"https:\/\/soulsync.com.mx\/en\/actividad\/\">Activity<\/a>\n<ul>\n\t<li id=\"menu-item-692\"><a href=\"https:\/\/soulsync.com.mx\/en\/eventos\/\">Events<\/a><\/li>\n\t<li id=\"menu-item-693\"><a href=\"https:\/\/soulsync.com.mx\/en\/articulos\/\">Articles<\/a><\/li>\n<\/ul>\n<\/li>\n<li id=\"menu-item-696\"><a href=\"https:\/\/soulsync.com.mx\/en\/contacto\/\">Contact<\/a><\/li>\n<li id=\"menu-item-835\"><a href=\"https:\/\/www.facebook.com\/SoulSyncMX\"><\/a><\/li>\n<li id=\"menu-item-364\"><a href=\"tel:+528116881380\"> +52 8116881380<\/a><\/li>\n<\/ul>\n<h3>\n\t\tVIRTUAL SYNC\n\t<\/h3>\n<h3>\n\t\tSoon\u2026\n\t<\/h3>","protected":false},"excerpt":{"rendered":"<p>Home About Us Testimonials Experiences Reconnection Soul Sync Synchronous Breathing Sound Sync The Inner Journey Virtual Sync Audios Online Courses Activity Events Articles Contact +52 8116881380 VIRTUAL SYNC Coming soon\u2026<\/p>","protected":false},"author":1,"featured_media":0,"parent":0,"menu_order":0,"comment_status":"closed","ping_status":"closed","template":"","meta":{"footnotes":""},"class_list":["post-1010","page","type-page","status-publish","hentry"],"yoast_head":"<!-- This site is optimized with the Yoast SEO plugin v27.1.1 - https:\/\/yoast.com\/product\/yoast-seo-wordpress\/ -->\n<title>Virtual Sync - Soul Sync\u00ae<\/title>\n<meta name=\"robots\" content=\"index, follow, max-snippet:-1, max-image-preview:large, max-video-preview:-1\" \/>\n<link rel=\"canonical\" href=\"https:\/\/soulsync.com.mx\/en\/virtual-sync\/\" \/>\n<meta property=\"og:locale\" content=\"en_US\" \/>\n<meta property=\"og:type\" content=\"article\" \/>\n<meta property=\"og:title\" content=\"Virtual Sync - Soul Sync\u00ae\" \/>\n<meta property=\"og:description\" content=\"Inicio Sobre Nosotros Testimonios Experiencias Reconexi\u00f3n Soul Sync Respiraci\u00f3n Sincr\u00f3nica Sound Sync El Viaje Interno Virtual Sync Audios Cursos Online Actividad Eventos Art\u00edculos Contacto +52 8116881380 VIRTUAL SYNC Pr\u00f3ximamente&#8230;\" \/>\n<meta property=\"og:url\" content=\"https:\/\/soulsync.com.mx\/en\/virtual-sync\/\" \/>\n<meta property=\"og:site_name\" content=\"Soul Sync\u00ae\" \/>\n<meta property=\"article:publisher\" content=\"https:\/\/www.facebook.com\/SoulSyncMX\" \/>\n<meta property=\"article:modified_time\" content=\"2019-05-08T10:53:04+00:00\" \/>\n<meta property=\"og:image\" content=\"https:\/\/soulsync.com.mx\/wp-content\/uploads\/2018\/11\/Soul-Sync_1-Tinta-S-1024x1024.png\" \/>\n<meta name=\"twitter:card\" content=\"summary_large_image\" \/>\n<script type=\"application\/ld+json\" class=\"yoast-schema-graph\">{\"@context\":\"https:\/\/schema.org\",\"@graph\":[{\"@type\":\"WebPage\",\"@id\":\"https:\/\/soulsync.com.mx\/en\/virtual-sync\/\",\"url\":\"https:\/\/soulsync.com.mx\/en\/virtual-sync\/\",\"name\":\"Virtual Sync - Soul Sync\u00ae\",\"isPartOf\":{\"@id\":\"https:\/\/soulsync.com.mx\/#website\"},\"primaryImageOfPage\":{\"@id\":\"https:\/\/soulsync.com.mx\/en\/virtual-sync\/#primaryimage\"},\"image\":{\"@id\":\"https:\/\/soulsync.com.mx\/en\/virtual-sync\/#primaryimage\"},\"thumbnailUrl\":\"https:\/\/soulsync.com.mx\/wp-content\/uploads\/2018\/11\/Soul-Sync_1-Tinta-S-1024x1024.png\",\"datePublished\":\"2019-03-18T14:50:02+00:00\",\"dateModified\":\"2019-05-08T10:53:04+00:00\",\"breadcrumb\":{\"@id\":\"https:\/\/soulsync.com.mx\/en\/virtual-sync\/#breadcrumb\"},\"inLanguage\":\"en-US\",\"potentialAction\":[{\"@type\":\"ReadAction\",\"target\":[\"https:\/\/soulsync.com.mx\/en\/virtual-sync\/\"]}]},{\"@type\":\"ImageObject\",\"inLanguage\":\"en-US\",\"@id\":\"https:\/\/soulsync.com.mx\/en\/virtual-sync\/#primaryimage\",\"url\":\"https:\/\/soulsync.com.mx\/wp-content\/uploads\/2018\/11\/Soul-Sync_1-Tinta-S-1024x1024.png\",\"contentUrl\":\"https:\/\/soulsync.com.mx\/wp-content\/uploads\/2018\/11\/Soul-Sync_1-Tinta-S-1024x1024.png\"},{\"@type\":\"BreadcrumbList\",\"@id\":\"https:\/\/soulsync.com.mx\/en\/virtual-sync\/#breadcrumb\",\"itemListElement\":[{\"@type\":\"ListItem\",\"position\":1,\"name\":\"Portada\",\"item\":\"https:\/\/soulsync.com.mx\/\"},{\"@type\":\"ListItem\",\"position\":2,\"name\":\"Virtual Sync\"}]},{\"@type\":\"WebSite\",\"@id\":\"https:\/\/soulsync.com.mx\/#website\",\"url\":\"https:\/\/soulsync.com.mx\/\",\"name\":\"Soul Sync\u00ae\",\"description\":\"Escucha tu Coraz\u00f3n\",\"publisher\":{\"@id\":\"https:\/\/soulsync.com.mx\/#organization\"},\"potentialAction\":[{\"@type\":\"SearchAction\",\"target\":{\"@type\":\"EntryPoint\",\"urlTemplate\":\"https:\/\/soulsync.com.mx\/?s={search_term_string}\"},\"query-input\":{\"@type\":\"PropertyValueSpecification\",\"valueRequired\":true,\"valueName\":\"search_term_string\"}}],\"inLanguage\":\"en-US\"},{\"@type\":\"Organization\",\"@id\":\"https:\/\/soulsync.com.mx\/#organization\",\"name\":\"Soul Sync\",\"url\":\"https:\/\/soulsync.com.mx\/\",\"logo\":{\"@type\":\"ImageObject\",\"inLanguage\":\"en-US\",\"@id\":\"https:\/\/soulsync.com.mx\/#\/schema\/logo\/image\/\",\"url\":\"https:\/\/soulsync.com.mx\/wp-content\/uploads\/2018\/11\/cropped-Soul-Sync_Sello-Blanco-1.png\",\"contentUrl\":\"https:\/\/soulsync.com.mx\/wp-content\/uploads\/2018\/11\/cropped-Soul-Sync_Sello-Blanco-1.png\",\"width\":512,\"height\":512,\"caption\":\"Soul Sync\"},\"image\":{\"@id\":\"https:\/\/soulsync.com.mx\/#\/schema\/logo\/image\/\"},\"sameAs\":[\"https:\/\/www.facebook.com\/SoulSyncMX\",\"https:\/\/www.youtube.com\/channel\/UC__EWDK7LE43d558-w28yFA\",\"https:\/\/www.facebook.com\/soulsync.beathealing\"]}]}<\/script>\n<!-- \/ Yoast SEO plugin. -->","yoast_head_json":{"title":"Virtual Sync - Soul Sync\u00ae","robots":{"index":"index","follow":"follow","max-snippet":"max-snippet:-1","max-image-preview":"max-image-preview:large","max-video-preview":"max-video-preview:-1"},"canonical":"https:\/\/soulsync.com.mx\/en\/virtual-sync\/","og_locale":"en_US","og_type":"article","og_title":"Virtual Sync - Soul Sync\u00ae","og_description":"Inicio Sobre Nosotros Testimonios Experiencias Reconexi\u00f3n Soul Sync Respiraci\u00f3n Sincr\u00f3nica Sound Sync El Viaje Interno Virtual Sync Audios Cursos Online Actividad Eventos Art\u00edculos Contacto +52 8116881380 VIRTUAL SYNC Pr\u00f3ximamente&#8230;","og_url":"https:\/\/soulsync.com.mx\/en\/virtual-sync\/","og_site_name":"Soul Sync\u00ae","article_publisher":"https:\/\/www.facebook.com\/SoulSyncMX","article_modified_time":"2019-05-08T10:53:04+00:00","og_image":[{"url":"https:\/\/soulsync.com.mx\/wp-content\/uploads\/2018\/11\/Soul-Sync_1-Tinta-S-1024x1024.png","type":"","width":"","height":""}],"twitter_card":"summary_large_image","schema":{"@context":"https:\/\/schema.org","@graph":[{"@type":"WebPage","@id":"https:\/\/soulsync.com.mx\/en\/virtual-sync\/","url":"https:\/\/soulsync.com.mx\/en\/virtual-sync\/","name":"Virtual Sync - Soul Sync\u00ae","isPartOf":{"@id":"https:\/\/soulsync.com.mx\/#website"},"primaryImageOfPage":{"@id":"https:\/\/soulsync.com.mx\/en\/virtual-sync\/#primaryimage"},"image":{"@id":"https:\/\/soulsync.com.mx\/en\/virtual-sync\/#primaryimage"},"thumbnailUrl":"https:\/\/soulsync.com.mx\/wp-content\/uploads\/2018\/11\/Soul-Sync_1-Tinta-S-1024x1024.png","datePublished":"2019-03-18T14:50:02+00:00","dateModified":"2019-05-08T10:53:04+00:00","breadcrumb":{"@id":"https:\/\/soulsync.com.mx\/en\/virtual-sync\/#breadcrumb"},"inLanguage":"en-US","potentialAction":[{"@type":"ReadAction","target":["https:\/\/soulsync.com.mx\/en\/virtual-sync\/"]}]},{"@type":"ImageObject","inLanguage":"en-US","@id":"https:\/\/soulsync.com.mx\/en\/virtual-sync\/#primaryimage","url":"https:\/\/soulsync.com.mx\/wp-content\/uploads\/2018\/11\/Soul-Sync_1-Tinta-S-1024x1024.png","contentUrl":"https:\/\/soulsync.com.mx\/wp-content\/uploads\/2018\/11\/Soul-Sync_1-Tinta-S-1024x1024.png"},{"@type":"BreadcrumbList","@id":"https:\/\/soulsync.com.mx\/en\/virtual-sync\/#breadcrumb","itemListElement":[{"@type":"ListItem","position":1,"name":"Portada","item":"https:\/\/soulsync.com.mx\/"},{"@type":"ListItem","position":2,"name":"Virtual Sync"}]},{"@type":"WebSite","@id":"https:\/\/soulsync.com.mx\/#website","url":"https:\/\/soulsync.com.mx\/","name":"Soul Sync\u00ae","description":"Listen to your heart","publisher":{"@id":"https:\/\/soulsync.com.mx\/#organization"},"potentialAction":[{"@type":"SearchAction","target":{"@type":"EntryPoint","urlTemplate":"https:\/\/soulsync.com.mx\/?s={search_term_string}"},"query-input":{"@type":"PropertyValueSpecification","valueRequired":true,"valueName":"search_term_string"}}],"inLanguage":"en-US"},{"@type":"Organization","@id":"https:\/\/soulsync.com.mx\/#organization","name":"Soul Sync","url":"https:\/\/soulsync.com.mx\/","logo":{"@type":"ImageObject","inLanguage":"en-US","@id":"https:\/\/soulsync.com.mx\/#\/schema\/logo\/image\/","url":"https:\/\/soulsync.com.mx\/wp-content\/uploads\/2018\/11\/cropped-Soul-Sync_Sello-Blanco-1.png","contentUrl":"https:\/\/soulsync.com.mx\/wp-content\/uploads\/2018\/11\/cropped-Soul-Sync_Sello-Blanco-1.png","width":512,"height":512,"caption":"Soul Sync"},"image":{"@id":"https:\/\/soulsync.com.mx\/#\/schema\/logo\/image\/"},"sameAs":["https:\/\/www.facebook.com\/SoulSyncMX","https:\/\/www.youtube.com\/channel\/UC__EWDK7LE43d558-w28yFA","https:\/\/www.facebook.com\/soulsync.beathealing"]}]}},"_links":{"self":[{"href":"https:\/\/soulsync.com.mx\/en\/wp-json\/wp\/v2\/pages\/1010","targetHints":{"allow":["GET"]}}],"collection":[{"href":"https:\/\/soulsync.com.mx\/en\/wp-json\/wp\/v2\/pages"}],"about":[{"href":"https:\/\/soulsync.com.mx\/en\/wp-json\/wp\/v2\/types\/page"}],"author":[{"embeddable":true,"href":"https:\/\/soulsync.com.mx\/en\/wp-json\/wp\/v2\/users\/1"}],"replies":[{"embeddable":true,"href":"https:\/\/soulsync.com.mx\/en\/wp-json\/wp\/v2\/comments?post=1010"}],"version-history":[{"count":0,"href":"https:\/\/soulsync.com.mx\/en\/wp-json\/wp\/v2\/pages\/1010\/revisions"}],"wp:attachment":[{"href":"https:\/\/soulsync.com.mx\/en\/wp-json\/wp\/v2\/media?parent=1010"}],"curies":[{"name":"wp","href":"https:\/\/api.w.org\/{rel}","templated":true}]}}