{"id":1372,"date":"2019-09-04T15:52:15","date_gmt":"2019-09-04T15:52:15","guid":{"rendered":"https:\/\/soulsync.com.mx\/?page_id=1372"},"modified":"2020-04-23T15:52:10","modified_gmt":"2020-04-23T15:52:10","slug":"gracias","status":"publish","type":"page","link":"https:\/\/soulsync.com.mx\/en\/gracias\/","title":{"rendered":"THANK YOU"},"content":{"rendered":"<img loading=\"lazy\" decoding=\"async\" src=\"https:\/\/soulsync.com.mx\/wp-content\/uploads\/2019\/09\/SS-Checkmark-150x150.png\" alt=\"SS Checkmark\" itemprop=\"image\" height=\"150\" width=\"150\" title=\"SS Checkmark\" onerror=\"this.style.display='none'\">\n\t<p>THANK YOU!<\/p>\n\t\t\t\t<a href=\"\/en\/www.soulsync.com\/\" target=\"_self\" itemprop=\"url\" rel=\"noopener noreferrer\">\n\t\t\t\t<img loading=\"lazy\" decoding=\"async\" src=\"https:\/\/soulsync.com.mx\/wp-content\/uploads\/2019\/07\/SS_Logo_Blanco.png\" alt=\"SS_Logo_Blanco\" itemprop=\"image\" height=\"152\" width=\"500\" title=\"SS_Logo_Blanco\" onerror=\"this.style.display='none'\">\n\t\t\t\t<\/a>\n\tThe purpose of this project is to facilitate a reconnection to achieve coherence between brain-heart and thus develop <strong>intelligent intuition<\/strong> through interoception. Soul Sync\u00ae 2019, all rights reserved. Concept and Identity designed by <a href=\"http:\/\/mayansolutions.com\/\" target=\"_blank\" rel=\"noopener noreferrer\">Mayan Solutions. <\/a>\n<h4>\n\t\tSocial networks:\n\t<\/h4>\n\t\t<link itemprop=\"url\" href=\"https:\/\/soulsync.com.mx\">\n\t\t<a itemprop=\"sameAs\" href=\"https:\/\/www.facebook.com\/SoulSyncMX\" target=\"_blank\" title=\"Facebook\" aria-label=\"Facebook\" role=\"button\" rel=\"noopener noreferrer\">\n\t\t\t\t\t<\/a>\n\t\t<link itemprop=\"url\" href=\"https:\/\/soulsync.com.mx\">\n\t\t<a itemprop=\"sameAs\" href=\"https:\/\/www.youtube.com\/channel\/UC__EWDK7LE43d558-w28yFA\" target=\"_blank\" title=\"Youtube\" aria-label=\"Youtube\" role=\"button\" rel=\"noopener noreferrer\">\n\t\t\t\t\t<\/a>\n\t\t<link itemprop=\"url\" href=\"https:\/\/soulsync.com.mx\">\n\t\t<a itemprop=\"sameAs\" href=\"https:\/\/www.instagram.com\/hunab.amaya\/\" target=\"_blank\" title=\"Instagram\" aria-label=\"Instagram\" role=\"button\" rel=\"noopener noreferrer\">\n\t\t\t\t\t<\/a>\n<h4>\n\t\tFeatured Links:\n\t<\/h4>\n\t<p><a href=\"https:\/\/soulsync.com.mx\/en\/contacto\/\">\u00b7 Contact<\/a><\/p>\n<p><a href=\"https:\/\/soulsync.com.mx\/en\/interocepcion-autodescubrimiento\/\">\u00b7 Interoception<\/a><\/p>\n<p>\u00b7<a href=\"https:\/\/soulsync.com.mx\/en\/articulos\/\"> Blog<\/a><\/p>\n<p><a href=\"http:\/\/www.mayansolutions.com\/en\">\u00b7 Mayan Solutions<\/a><\/p>\n<p>\u00b7 <a href=\"https:\/\/soulsailors.art\/\">Soul Sailors<\/a><\/p>\n<p><a href=\"http:\/\/www.nahuayoga.com\">\u00b7 Nahua Yoga<\/a><\/p>\n<p><a href=\"https:\/\/www.heartmath.org\/\">\u00b7 HeartMath Institute<\/a><\/p>\n\t   \t<ul id=\"menu-menu-principal\"><li id=\"menu-item-170\"><a href=\"https:\/\/soulsync.com.mx\/en\/\" tabindex=\"0\" role=\"link\">Home<\/a><\/li>\n<li id=\"menu-item-689\"><a href=\"https:\/\/soulsync.com.mx\/en\/nosotros\/\" tabindex=\"0\" role=\"link\">About us<\/a><\/li>\n<li id=\"menu-item-691\"><a href=\"https:\/\/soulsync.com.mx\/en\/testimonios\/\" tabindex=\"0\" role=\"link\">Testimonials<\/a><\/li>\n<li id=\"menu-item-771\"><a href=\"https:\/\/soulsync.com.mx\/en\/experiencias\/\" tabindex=\"0\" role=\"link\">Experiences<\/a>\n<ul>\n\t<li id=\"menu-item-925\"><a href=\"https:\/\/soulsync.com.mx\/en\/reconexion-soul-sync\/\" tabindex=\"0\" role=\"link\">Soul Sync Reconnection<\/a><\/li>\n\t<li id=\"menu-item-775\"><a href=\"https:\/\/soulsync.com.mx\/en\/respiracion-sincronica\/\" tabindex=\"0\" role=\"link\">Synchronous Breathing<\/a><\/li>\n\t<li id=\"menu-item-774\"><a href=\"https:\/\/soulsync.com.mx\/en\/soundsync\/\" tabindex=\"0\" role=\"link\">Sound Sync<\/a><\/li>\n\t<li id=\"menu-item-1180\"><a href=\"https:\/\/soulsync.com.mx\/en\/coaching\/\" tabindex=\"0\" role=\"link\">Coaching<\/a><\/li>\n\t<li id=\"menu-item-926\"><a href=\"https:\/\/soulsync.com.mx\/en\/el-viaje-interno\/\" tabindex=\"0\" role=\"link\">The Inner Journey<\/a><\/li>\n\t<li id=\"menu-item-773\"><a href=\"https:\/\/soulsync.com.mx\/en\/audios\/\" tabindex=\"0\" role=\"link\">Audios<\/a><\/li>\n<\/ul>\n<\/li>\n<li id=\"menu-item-716\"><a href=\"https:\/\/soulsync.com.mx\/en\/actividad\/\" tabindex=\"0\" role=\"link\">Activity<\/a>\n<ul>\n\t<li id=\"menu-item-692\"><a href=\"https:\/\/soulsync.com.mx\/en\/eventos\/\" tabindex=\"0\" role=\"link\">Events<\/a><\/li>\n\t<li id=\"menu-item-693\"><a href=\"https:\/\/soulsync.com.mx\/en\/articulos\/\" tabindex=\"0\" role=\"link\">Articles<\/a><\/li>\n<\/ul>\n<\/li>\n<li id=\"menu-item-696\"><a href=\"https:\/\/soulsync.com.mx\/en\/contacto\/\" tabindex=\"0\" role=\"link\">Contact<\/a><\/li>\n<li id=\"menu-item-1279\"><a href=\"https:\/\/soulsync.com.mx\/en\/?page_id=1372&amp;fl_builder\" tabindex=\"0\" role=\"link\"><img loading=\"lazy\" decoding=\"async\" src=\"https:\/\/soulsync.com.mx\/wp-content\/plugins\/translatepress-multilingual\/assets\/images\/flags\/en_US.png\" width=\"18\" height=\"12\" alt=\"en_US\" title=\"Espa\u00f1ol\"><\/a><\/li>\n<li id=\"menu-item-1280\"><a href=\"https:\/\/soulsync.com.mx\/en\/?page_id=1372&amp;fl_builder\" tabindex=\"0\" role=\"link\"><img loading=\"lazy\" decoding=\"async\" src=\"https:\/\/soulsync.com.mx\/wp-content\/plugins\/translatepress-multilingual\/assets\/images\/flags\/es_MX.png\" width=\"18\" height=\"12\" alt=\"es_MX\" title=\"Mexican Spanish\"><\/a><\/li>\n<\/ul>","protected":false},"excerpt":{"rendered":"<p>THANK YOU SO MUCH! The purpose of this project is to facilitate a reconnection to achieve coherence between brain-heart and thus develop intelligent intuition through interoception. Soul Sync\u00ae 2019, all rights reserved. Concept and Identity designed by Mayan Solutions. Social Networks: Featured Links: \u00b7 Contact \u00b7 Interoception \u00b7 Blog \u00b7 Mayan Solutions\u2026<\/p>","protected":false},"author":1,"featured_media":1575,"parent":0,"menu_order":0,"comment_status":"closed","ping_status":"closed","template":"","meta":{"footnotes":""},"class_list":["post-1372","page","type-page","status-publish","has-post-thumbnail","hentry"],"yoast_head":"<!-- This site is optimized with the Yoast SEO plugin v27.1.1 - https:\/\/yoast.com\/product\/yoast-seo-wordpress\/ -->\n<title>GRACIAS - Soul Sync\u00ae<\/title>\n<meta name=\"robots\" content=\"index, follow, max-snippet:-1, max-image-preview:large, max-video-preview:-1\" \/>\n<link rel=\"canonical\" href=\"https:\/\/soulsync.com.mx\/en\/gracias\/\" \/>\n<meta property=\"og:locale\" content=\"en_US\" \/>\n<meta property=\"og:type\" content=\"article\" \/>\n<meta property=\"og:title\" content=\"GRACIAS - Soul Sync\u00ae\" \/>\n<meta property=\"og:description\" content=\"MUCHAS GRACIAS! El prop\u00f3sito de este proyecto es el de facilitar una reconexi\u00f3n para alcanzar coherencia entre cerebro-coraz\u00f3n y as\u00ed desarrollar intuici\u00f3n inteligente a trav\u00e9s de la interocepci\u00f3n. Soul Sync\u00ae 2019, todos los derechos reservados. Concepto e Identidad dise\u00f1ados por Mayan Solutions. Redes Sociales: Enlaces Destacados: \u00b7 Contacto \u00b7 Interocepci\u00f3n \u00b7 Blog \u00b7 Mayan Solutions&hellip;\" \/>\n<meta property=\"og:url\" content=\"https:\/\/soulsync.com.mx\/en\/gracias\/\" \/>\n<meta property=\"og:site_name\" content=\"Soul Sync\u00ae\" \/>\n<meta property=\"article:publisher\" content=\"https:\/\/www.facebook.com\/SoulSyncMX\" \/>\n<meta property=\"article:modified_time\" content=\"2020-04-23T15:52:10+00:00\" \/>\n<meta property=\"og:image\" content=\"https:\/\/soulsync.com.mx\/wp-content\/uploads\/2019\/12\/SS_PP2020_alt.png\" \/>\n\t<meta property=\"og:image:width\" content=\"1080\" \/>\n\t<meta property=\"og:image:height\" content=\"1080\" \/>\n\t<meta property=\"og:image:type\" content=\"image\/png\" \/>\n<meta name=\"twitter:card\" content=\"summary_large_image\" \/>\n<script type=\"application\/ld+json\" class=\"yoast-schema-graph\">{\"@context\":\"https:\/\/schema.org\",\"@graph\":[{\"@type\":\"WebPage\",\"@id\":\"https:\/\/soulsync.com.mx\/en\/gracias\/\",\"url\":\"https:\/\/soulsync.com.mx\/en\/gracias\/\",\"name\":\"GRACIAS - Soul Sync\u00ae\",\"isPartOf\":{\"@id\":\"https:\/\/soulsync.com.mx\/#website\"},\"primaryImageOfPage\":{\"@id\":\"https:\/\/soulsync.com.mx\/en\/gracias\/#primaryimage\"},\"image\":{\"@id\":\"https:\/\/soulsync.com.mx\/en\/gracias\/#primaryimage\"},\"thumbnailUrl\":\"https:\/\/soulsync.com.mx\/wp-content\/uploads\/2019\/12\/SS_PP2020_alt.png\",\"datePublished\":\"2019-09-04T15:52:15+00:00\",\"dateModified\":\"2020-04-23T15:52:10+00:00\",\"breadcrumb\":{\"@id\":\"https:\/\/soulsync.com.mx\/en\/gracias\/#breadcrumb\"},\"inLanguage\":\"en-US\",\"potentialAction\":[{\"@type\":\"ReadAction\",\"target\":[\"https:\/\/soulsync.com.mx\/en\/gracias\/\"]}]},{\"@type\":\"ImageObject\",\"inLanguage\":\"en-US\",\"@id\":\"https:\/\/soulsync.com.mx\/en\/gracias\/#primaryimage\",\"url\":\"https:\/\/soulsync.com.mx\/wp-content\/uploads\/2019\/12\/SS_PP2020_alt.png\",\"contentUrl\":\"https:\/\/soulsync.com.mx\/wp-content\/uploads\/2019\/12\/SS_PP2020_alt.png\",\"width\":1080,\"height\":1080,\"caption\":\"Soul Sync Meditacion\"},{\"@type\":\"BreadcrumbList\",\"@id\":\"https:\/\/soulsync.com.mx\/en\/gracias\/#breadcrumb\",\"itemListElement\":[{\"@type\":\"ListItem\",\"position\":1,\"name\":\"Portada\",\"item\":\"https:\/\/soulsync.com.mx\/\"},{\"@type\":\"ListItem\",\"position\":2,\"name\":\"GRACIAS\"}]},{\"@type\":\"WebSite\",\"@id\":\"https:\/\/soulsync.com.mx\/#website\",\"url\":\"https:\/\/soulsync.com.mx\/\",\"name\":\"Soul Sync\u00ae\",\"description\":\"Escucha tu Coraz\u00f3n\",\"publisher\":{\"@id\":\"https:\/\/soulsync.com.mx\/#organization\"},\"potentialAction\":[{\"@type\":\"SearchAction\",\"target\":{\"@type\":\"EntryPoint\",\"urlTemplate\":\"https:\/\/soulsync.com.mx\/?s={search_term_string}\"},\"query-input\":{\"@type\":\"PropertyValueSpecification\",\"valueRequired\":true,\"valueName\":\"search_term_string\"}}],\"inLanguage\":\"en-US\"},{\"@type\":\"Organization\",\"@id\":\"https:\/\/soulsync.com.mx\/#organization\",\"name\":\"Soul Sync\",\"url\":\"https:\/\/soulsync.com.mx\/\",\"logo\":{\"@type\":\"ImageObject\",\"inLanguage\":\"en-US\",\"@id\":\"https:\/\/soulsync.com.mx\/#\/schema\/logo\/image\/\",\"url\":\"https:\/\/soulsync.com.mx\/wp-content\/uploads\/2018\/11\/cropped-Soul-Sync_Sello-Blanco-1.png\",\"contentUrl\":\"https:\/\/soulsync.com.mx\/wp-content\/uploads\/2018\/11\/cropped-Soul-Sync_Sello-Blanco-1.png\",\"width\":512,\"height\":512,\"caption\":\"Soul Sync\"},\"image\":{\"@id\":\"https:\/\/soulsync.com.mx\/#\/schema\/logo\/image\/\"},\"sameAs\":[\"https:\/\/www.facebook.com\/SoulSyncMX\",\"https:\/\/www.youtube.com\/channel\/UC__EWDK7LE43d558-w28yFA\",\"https:\/\/www.facebook.com\/soulsync.beathealing\"]}]}<\/script>\n<!-- \/ Yoast SEO plugin. -->","yoast_head_json":{"title":"GRACIAS - Soul Sync\u00ae","robots":{"index":"index","follow":"follow","max-snippet":"max-snippet:-1","max-image-preview":"max-image-preview:large","max-video-preview":"max-video-preview:-1"},"canonical":"https:\/\/soulsync.com.mx\/en\/gracias\/","og_locale":"en_US","og_type":"article","og_title":"GRACIAS - Soul Sync\u00ae","og_description":"MUCHAS GRACIAS! El prop\u00f3sito de este proyecto es el de facilitar una reconexi\u00f3n para alcanzar coherencia entre cerebro-coraz\u00f3n y as\u00ed desarrollar intuici\u00f3n inteligente a trav\u00e9s de la interocepci\u00f3n. Soul Sync\u00ae 2019, todos los derechos reservados. Concepto e Identidad dise\u00f1ados por Mayan Solutions. Redes Sociales: Enlaces Destacados: \u00b7 Contacto \u00b7 Interocepci\u00f3n \u00b7 Blog \u00b7 Mayan Solutions&hellip;","og_url":"https:\/\/soulsync.com.mx\/en\/gracias\/","og_site_name":"Soul Sync\u00ae","article_publisher":"https:\/\/www.facebook.com\/SoulSyncMX","article_modified_time":"2020-04-23T15:52:10+00:00","og_image":[{"width":1080,"height":1080,"url":"https:\/\/soulsync.com.mx\/wp-content\/uploads\/2019\/12\/SS_PP2020_alt.png","type":"image\/png"}],"twitter_card":"summary_large_image","schema":{"@context":"https:\/\/schema.org","@graph":[{"@type":"WebPage","@id":"https:\/\/soulsync.com.mx\/en\/gracias\/","url":"https:\/\/soulsync.com.mx\/en\/gracias\/","name":"GRACIAS - Soul Sync\u00ae","isPartOf":{"@id":"https:\/\/soulsync.com.mx\/#website"},"primaryImageOfPage":{"@id":"https:\/\/soulsync.com.mx\/en\/gracias\/#primaryimage"},"image":{"@id":"https:\/\/soulsync.com.mx\/en\/gracias\/#primaryimage"},"thumbnailUrl":"https:\/\/soulsync.com.mx\/wp-content\/uploads\/2019\/12\/SS_PP2020_alt.png","datePublished":"2019-09-04T15:52:15+00:00","dateModified":"2020-04-23T15:52:10+00:00","breadcrumb":{"@id":"https:\/\/soulsync.com.mx\/en\/gracias\/#breadcrumb"},"inLanguage":"en-US","potentialAction":[{"@type":"ReadAction","target":["https:\/\/soulsync.com.mx\/en\/gracias\/"]}]},{"@type":"ImageObject","inLanguage":"en-US","@id":"https:\/\/soulsync.com.mx\/en\/gracias\/#primaryimage","url":"https:\/\/soulsync.com.mx\/wp-content\/uploads\/2019\/12\/SS_PP2020_alt.png","contentUrl":"https:\/\/soulsync.com.mx\/wp-content\/uploads\/2019\/12\/SS_PP2020_alt.png","width":1080,"height":1080,"caption":"Soul Sync Meditacion"},{"@type":"BreadcrumbList","@id":"https:\/\/soulsync.com.mx\/en\/gracias\/#breadcrumb","itemListElement":[{"@type":"ListItem","position":1,"name":"Portada","item":"https:\/\/soulsync.com.mx\/"},{"@type":"ListItem","position":2,"name":"GRACIAS"}]},{"@type":"WebSite","@id":"https:\/\/soulsync.com.mx\/#website","url":"https:\/\/soulsync.com.mx\/","name":"Soul Sync\u00ae","description":"Listen to your heart","publisher":{"@id":"https:\/\/soulsync.com.mx\/#organization"},"potentialAction":[{"@type":"SearchAction","target":{"@type":"EntryPoint","urlTemplate":"https:\/\/soulsync.com.mx\/?s={search_term_string}"},"query-input":{"@type":"PropertyValueSpecification","valueRequired":true,"valueName":"search_term_string"}}],"inLanguage":"en-US"},{"@type":"Organization","@id":"https:\/\/soulsync.com.mx\/#organization","name":"Soul Sync","url":"https:\/\/soulsync.com.mx\/","logo":{"@type":"ImageObject","inLanguage":"en-US","@id":"https:\/\/soulsync.com.mx\/#\/schema\/logo\/image\/","url":"https:\/\/soulsync.com.mx\/wp-content\/uploads\/2018\/11\/cropped-Soul-Sync_Sello-Blanco-1.png","contentUrl":"https:\/\/soulsync.com.mx\/wp-content\/uploads\/2018\/11\/cropped-Soul-Sync_Sello-Blanco-1.png","width":512,"height":512,"caption":"Soul Sync"},"image":{"@id":"https:\/\/soulsync.com.mx\/#\/schema\/logo\/image\/"},"sameAs":["https:\/\/www.facebook.com\/SoulSyncMX","https:\/\/www.youtube.com\/channel\/UC__EWDK7LE43d558-w28yFA","https:\/\/www.facebook.com\/soulsync.beathealing"]}]}},"_links":{"self":[{"href":"https:\/\/soulsync.com.mx\/en\/wp-json\/wp\/v2\/pages\/1372","targetHints":{"allow":["GET"]}}],"collection":[{"href":"https:\/\/soulsync.com.mx\/en\/wp-json\/wp\/v2\/pages"}],"about":[{"href":"https:\/\/soulsync.com.mx\/en\/wp-json\/wp\/v2\/types\/page"}],"author":[{"embeddable":true,"href":"https:\/\/soulsync.com.mx\/en\/wp-json\/wp\/v2\/users\/1"}],"replies":[{"embeddable":true,"href":"https:\/\/soulsync.com.mx\/en\/wp-json\/wp\/v2\/comments?post=1372"}],"version-history":[{"count":0,"href":"https:\/\/soulsync.com.mx\/en\/wp-json\/wp\/v2\/pages\/1372\/revisions"}],"wp:featuredmedia":[{"embeddable":true,"href":"https:\/\/soulsync.com.mx\/en\/wp-json\/wp\/v2\/media\/1575"}],"wp:attachment":[{"href":"https:\/\/soulsync.com.mx\/en\/wp-json\/wp\/v2\/media?parent=1372"}],"curies":[{"name":"wp","href":"https:\/\/api.w.org\/{rel}","templated":true}]}}