{"id":156,"date":"2018-11-20T00:16:25","date_gmt":"2018-11-20T00:16:25","guid":{"rendered":"https:\/\/soulsync.com.mx\/?page_id=156"},"modified":"2026-04-03T17:58:01","modified_gmt":"2026-04-03T17:58:01","slug":"inicio","status":"publish","type":"page","link":"https:\/\/soulsync.com.mx\/en\/","title":{"rendered":"Home"},"content":{"rendered":"<img loading=\"lazy\" decoding=\"async\" src=\"https:\/\/soulsync.com.mx\/wp-content\/uploads\/2019\/03\/SS_Logo_Blanco.png\" alt=\"Soul Sync Logo Blanco\" itemprop=\"image\" height=\"152\" width=\"500\" srcset=\"https:\/\/soulsync.com.mx\/wp-content\/uploads\/2019\/03\/SS_Logo_Blanco.png 500w, https:\/\/soulsync.com.mx\/wp-content\/uploads\/2019\/03\/SS_Logo_Blanco-300x91.png 300w\" sizes=\"auto, (max-width: 500px) 100vw, 500px\" title=\"SS_Logo_Blanco\" onerror=\"this.style.display='none'\"  \/>\n\t<p>\u201cListen to your heart\u201d<\/p>\n\t\t\t<a href=\"https:\/\/soulsync.com.mx\/en\/acerca\/\"  target=\"_self\">\n\t\t\t\t\t\tBegin\n\t\t\t\t\t<\/a>","protected":false},"excerpt":{"rendered":"<p>\u201cListen to your heart\u201d Begin<\/p>","protected":false},"author":1,"featured_media":3800,"parent":0,"menu_order":0,"comment_status":"closed","ping_status":"closed","template":"","meta":{"footnotes":""},"class_list":["post-156","page","type-page","status-publish","has-post-thumbnail","hentry"],"yoast_head":"<!-- This site is optimized with the Yoast SEO plugin v27.1.1 - https:\/\/yoast.com\/product\/yoast-seo-wordpress\/ -->\n<title>Soul Sync\u00ae - Escucha tu Coraz\u00f3n<\/title>\n<meta name=\"description\" content=\"Soul Sync es una tecnolog\u00eda de concentraci\u00f3n dedicada al desarrollo de la interocepci\u00f3n. Con esto se busca sincronizar la relaci\u00f3n coraz\u00f3n\/cerebro.\" \/>\n<meta name=\"robots\" content=\"index, follow, max-snippet:-1, max-image-preview:large, max-video-preview:-1\" \/>\n<link rel=\"canonical\" href=\"https:\/\/soulsync.com.mx\/en\/\" \/>\n<meta property=\"og:locale\" content=\"en_US\" \/>\n<meta property=\"og:type\" content=\"article\" \/>\n<meta property=\"og:title\" content=\"Soul Sync\u00ae - Escucha tu Coraz\u00f3n\" \/>\n<meta property=\"og:description\" content=\"Soul Sync es una tecnolog\u00eda de concentraci\u00f3n dedicada al desarrollo de la interocepci\u00f3n. Con esto se busca sincronizar la relaci\u00f3n coraz\u00f3n\/cerebro.\" \/>\n<meta property=\"og:url\" content=\"https:\/\/soulsync.com.mx\/en\/\" \/>\n<meta property=\"og:site_name\" content=\"Soul Sync\u00ae\" \/>\n<meta property=\"article:publisher\" content=\"https:\/\/www.facebook.com\/SoulSyncMX\" \/>\n<meta property=\"article:modified_time\" content=\"2026-04-03T17:58:01+00:00\" \/>\n<meta property=\"og:image\" content=\"https:\/\/soulsync.com.mx\/wp-content\/uploads\/2026\/03\/Soul-Sync-2026.jpeg\" \/>\n\t<meta property=\"og:image:width\" content=\"1024\" \/>\n\t<meta property=\"og:image:height\" content=\"768\" \/>\n\t<meta property=\"og:image:type\" content=\"image\/jpeg\" \/>\n<meta name=\"twitter:card\" content=\"summary_large_image\" \/>\n<meta name=\"twitter:label1\" content=\"Est. reading time\" \/>\n\t<meta name=\"twitter:data1\" content=\"1 minute\" \/>\n<script type=\"application\/ld+json\" class=\"yoast-schema-graph\">{\"@context\":\"https:\/\/schema.org\",\"@graph\":[{\"@type\":\"WebPage\",\"@id\":\"https:\/\/soulsync.com.mx\/\",\"url\":\"https:\/\/soulsync.com.mx\/\",\"name\":\"Soul Sync\u00ae - Escucha tu Coraz\u00f3n\",\"isPartOf\":{\"@id\":\"https:\/\/soulsync.com.mx\/#website\"},\"primaryImageOfPage\":{\"@id\":\"https:\/\/soulsync.com.mx\/#primaryimage\"},\"image\":{\"@id\":\"https:\/\/soulsync.com.mx\/#primaryimage\"},\"thumbnailUrl\":\"https:\/\/soulsync.com.mx\/wp-content\/uploads\/2026\/03\/Soul-Sync-2026.jpeg\",\"datePublished\":\"2018-11-20T00:16:25+00:00\",\"dateModified\":\"2026-04-03T17:58:01+00:00\",\"description\":\"Soul Sync es una tecnolog\u00eda de concentraci\u00f3n dedicada al desarrollo de la interocepci\u00f3n. Con esto se busca sincronizar la relaci\u00f3n coraz\u00f3n\/cerebro.\",\"breadcrumb\":{\"@id\":\"https:\/\/soulsync.com.mx\/#breadcrumb\"},\"inLanguage\":\"en-US\",\"potentialAction\":[{\"@type\":\"ReadAction\",\"target\":[\"https:\/\/soulsync.com.mx\/\"]}]},{\"@type\":\"ImageObject\",\"inLanguage\":\"en-US\",\"@id\":\"https:\/\/soulsync.com.mx\/#primaryimage\",\"url\":\"https:\/\/soulsync.com.mx\/wp-content\/uploads\/2026\/03\/Soul-Sync-2026.jpeg\",\"contentUrl\":\"https:\/\/soulsync.com.mx\/wp-content\/uploads\/2026\/03\/Soul-Sync-2026.jpeg\",\"width\":1024,\"height\":768},{\"@type\":\"BreadcrumbList\",\"@id\":\"https:\/\/soulsync.com.mx\/#breadcrumb\",\"itemListElement\":[{\"@type\":\"ListItem\",\"position\":1,\"name\":\"Portada\",\"item\":\"https:\/\/soulsync.com.mx\/\"},{\"@type\":\"ListItem\",\"position\":2,\"name\":\"Inicio\"}]},{\"@type\":\"WebSite\",\"@id\":\"https:\/\/soulsync.com.mx\/#website\",\"url\":\"https:\/\/soulsync.com.mx\/\",\"name\":\"Soul Sync\u00ae\",\"description\":\"Escucha tu Coraz\u00f3n\",\"publisher\":{\"@id\":\"https:\/\/soulsync.com.mx\/#organization\"},\"potentialAction\":[{\"@type\":\"SearchAction\",\"target\":{\"@type\":\"EntryPoint\",\"urlTemplate\":\"https:\/\/soulsync.com.mx\/?s={search_term_string}\"},\"query-input\":{\"@type\":\"PropertyValueSpecification\",\"valueRequired\":true,\"valueName\":\"search_term_string\"}}],\"inLanguage\":\"en-US\"},{\"@type\":\"Organization\",\"@id\":\"https:\/\/soulsync.com.mx\/#organization\",\"name\":\"Soul Sync\",\"url\":\"https:\/\/soulsync.com.mx\/\",\"logo\":{\"@type\":\"ImageObject\",\"inLanguage\":\"en-US\",\"@id\":\"https:\/\/soulsync.com.mx\/#\/schema\/logo\/image\/\",\"url\":\"https:\/\/soulsync.com.mx\/wp-content\/uploads\/2018\/11\/cropped-Soul-Sync_Sello-Blanco-1.png\",\"contentUrl\":\"https:\/\/soulsync.com.mx\/wp-content\/uploads\/2018\/11\/cropped-Soul-Sync_Sello-Blanco-1.png\",\"width\":512,\"height\":512,\"caption\":\"Soul Sync\"},\"image\":{\"@id\":\"https:\/\/soulsync.com.mx\/#\/schema\/logo\/image\/\"},\"sameAs\":[\"https:\/\/www.facebook.com\/SoulSyncMX\",\"https:\/\/www.youtube.com\/channel\/UC__EWDK7LE43d558-w28yFA\",\"https:\/\/www.facebook.com\/soulsync.beathealing\"]}]}<\/script>\n<!-- \/ Yoast SEO plugin. -->","yoast_head_json":{"title":"Soul Sync\u00ae - Listen to Your Heart","description":"Soul Sync is a concentration technology dedicated to developing interoception. Its aim is to synchronize the heart-brain connection.","robots":{"index":"index","follow":"follow","max-snippet":"max-snippet:-1","max-image-preview":"max-image-preview:large","max-video-preview":"max-video-preview:-1"},"canonical":"https:\/\/soulsync.com.mx\/en\/","og_locale":"en_US","og_type":"article","og_title":"Soul Sync\u00ae - Escucha tu Coraz\u00f3n","og_description":"Soul Sync es una tecnolog\u00eda de concentraci\u00f3n dedicada al desarrollo de la interocepci\u00f3n. Con esto se busca sincronizar la relaci\u00f3n coraz\u00f3n\/cerebro.","og_url":"https:\/\/soulsync.com.mx\/en\/","og_site_name":"Soul Sync\u00ae","article_publisher":"https:\/\/www.facebook.com\/SoulSyncMX","article_modified_time":"2026-04-03T17:58:01+00:00","og_image":[{"width":1024,"height":768,"url":"https:\/\/soulsync.com.mx\/wp-content\/uploads\/2026\/03\/Soul-Sync-2026.jpeg","type":"image\/jpeg"}],"twitter_card":"summary_large_image","twitter_misc":{"Est. reading time":"1 minute"},"schema":{"@context":"https:\/\/schema.org","@graph":[{"@type":"WebPage","@id":"https:\/\/soulsync.com.mx\/","url":"https:\/\/soulsync.com.mx\/","name":"Soul Sync\u00ae - Listen to Your Heart","isPartOf":{"@id":"https:\/\/soulsync.com.mx\/#website"},"primaryImageOfPage":{"@id":"https:\/\/soulsync.com.mx\/#primaryimage"},"image":{"@id":"https:\/\/soulsync.com.mx\/#primaryimage"},"thumbnailUrl":"https:\/\/soulsync.com.mx\/wp-content\/uploads\/2026\/03\/Soul-Sync-2026.jpeg","datePublished":"2018-11-20T00:16:25+00:00","dateModified":"2026-04-03T17:58:01+00:00","description":"Soul Sync is a concentration technology dedicated to developing interoception. Its aim is to synchronize the heart-brain connection.","breadcrumb":{"@id":"https:\/\/soulsync.com.mx\/#breadcrumb"},"inLanguage":"en-US","potentialAction":[{"@type":"ReadAction","target":["https:\/\/soulsync.com.mx\/"]}]},{"@type":"ImageObject","inLanguage":"en-US","@id":"https:\/\/soulsync.com.mx\/#primaryimage","url":"https:\/\/soulsync.com.mx\/wp-content\/uploads\/2026\/03\/Soul-Sync-2026.jpeg","contentUrl":"https:\/\/soulsync.com.mx\/wp-content\/uploads\/2026\/03\/Soul-Sync-2026.jpeg","width":1024,"height":768},{"@type":"BreadcrumbList","@id":"https:\/\/soulsync.com.mx\/#breadcrumb","itemListElement":[{"@type":"ListItem","position":1,"name":"Portada","item":"https:\/\/soulsync.com.mx\/"},{"@type":"ListItem","position":2,"name":"Inicio"}]},{"@type":"WebSite","@id":"https:\/\/soulsync.com.mx\/#website","url":"https:\/\/soulsync.com.mx\/","name":"Soul Sync\u00ae","description":"Listen to your heart","publisher":{"@id":"https:\/\/soulsync.com.mx\/#organization"},"potentialAction":[{"@type":"SearchAction","target":{"@type":"EntryPoint","urlTemplate":"https:\/\/soulsync.com.mx\/?s={search_term_string}"},"query-input":{"@type":"PropertyValueSpecification","valueRequired":true,"valueName":"search_term_string"}}],"inLanguage":"en-US"},{"@type":"Organization","@id":"https:\/\/soulsync.com.mx\/#organization","name":"Soul Sync","url":"https:\/\/soulsync.com.mx\/","logo":{"@type":"ImageObject","inLanguage":"en-US","@id":"https:\/\/soulsync.com.mx\/#\/schema\/logo\/image\/","url":"https:\/\/soulsync.com.mx\/wp-content\/uploads\/2018\/11\/cropped-Soul-Sync_Sello-Blanco-1.png","contentUrl":"https:\/\/soulsync.com.mx\/wp-content\/uploads\/2018\/11\/cropped-Soul-Sync_Sello-Blanco-1.png","width":512,"height":512,"caption":"Soul Sync"},"image":{"@id":"https:\/\/soulsync.com.mx\/#\/schema\/logo\/image\/"},"sameAs":["https:\/\/www.facebook.com\/SoulSyncMX","https:\/\/www.youtube.com\/channel\/UC__EWDK7LE43d558-w28yFA","https:\/\/www.facebook.com\/soulsync.beathealing"]}]}},"_links":{"self":[{"href":"https:\/\/soulsync.com.mx\/en\/wp-json\/wp\/v2\/pages\/156","targetHints":{"allow":["GET"]}}],"collection":[{"href":"https:\/\/soulsync.com.mx\/en\/wp-json\/wp\/v2\/pages"}],"about":[{"href":"https:\/\/soulsync.com.mx\/en\/wp-json\/wp\/v2\/types\/page"}],"author":[{"embeddable":true,"href":"https:\/\/soulsync.com.mx\/en\/wp-json\/wp\/v2\/users\/1"}],"replies":[{"embeddable":true,"href":"https:\/\/soulsync.com.mx\/en\/wp-json\/wp\/v2\/comments?post=156"}],"version-history":[{"count":11,"href":"https:\/\/soulsync.com.mx\/en\/wp-json\/wp\/v2\/pages\/156\/revisions"}],"predecessor-version":[{"id":3809,"href":"https:\/\/soulsync.com.mx\/en\/wp-json\/wp\/v2\/pages\/156\/revisions\/3809"}],"wp:featuredmedia":[{"embeddable":true,"href":"https:\/\/soulsync.com.mx\/en\/wp-json\/wp\/v2\/media\/3800"}],"wp:attachment":[{"href":"https:\/\/soulsync.com.mx\/en\/wp-json\/wp\/v2\/media?parent=156"}],"curies":[{"name":"wp","href":"https:\/\/api.w.org\/{rel}","templated":true}]}}