{"id":643,"date":"2019-03-08T18:43:29","date_gmt":"2019-03-08T18:43:29","guid":{"rendered":"https:\/\/soulsync.com.mx\/?page_id=643"},"modified":"2026-04-09T18:05:33","modified_gmt":"2026-04-09T18:05:33","slug":"acerca","status":"publish","type":"page","link":"https:\/\/soulsync.com.mx\/en\/acerca\/","title":{"rendered":"About"},"content":{"rendered":"<h2>\n\t\t\tAbout\t<\/h2>\n\t<style>\n    \/* ========================================================\n       ESTILOS DEL SEPARADOR SOUL SYNC\n       ======================================================== *\/\n    .soul-sync-separator {\n        position: relative;\n        width: 100%;\n        background-color: transparent;\n        \/* Margen negativo para asegurar solapamiento *\/\n        margin-top: -2px; \n        margin-bottom: -2px;\n        line-height: 0;\n        font-size: 0;\n        \/* ELIMINADO: overflow: hidden; (estaba cortando el borde superior) *\/\n        z-index: 1; \/* Nivel bajo para que el header fijo pase siempre por encima *\/\n    }\n    .soul-sync-separator svg {\n        display: block;\n        width: 100%;\n        \/* Altura ligeramente mayor para compensar los m\u00e1rgenes negativos y evitar huecos *\/\n        height: 120px; \n        \/* Desactiva clics en el separador *\/\n        pointer-events: none; \n    }\n    \/* Ajustes para mantener la proporci\u00f3n elegante en m\u00f3viles *\/\n    @media (max-width: 768px) {\n        .soul-sync-separator svg {\n            height: 84px;\n        }\n    }\n<\/style>\n<!-- ========================================================\n     ESTRUCTURA HTML DEL SEPARADOR\n     ======================================================== -->\n\t<p><strong>At Soul Sync, we believe that wellness is not a destination, but a state of coherence.<\/strong><\/p>\n<p>We are a project that merges art, technology, and somatic science to reconnect with the primal language of being: the heartbeat. Through innovation and ritual design, we create spaces for profound self-exploration where sound becomes medicine.<\/p>\n<h3 data-path-to-node=\"5,1\"><b data-path-to-node=\"5,1\" data-index-in-node=\"0\">Our Mission:<\/b><\/h3>\n<em><strong>\u201cFACILITATING ACCESS TO HEART MEDICINE THROUGH SOUND AND CONSCIOUS PRESENCE.\u201d<\/strong><\/em>\n\t\t\t\t\t\t\t\t\t<img loading=\"lazy\" decoding=\"async\" src=\"https:\/\/soulsync.com.mx\/wp-content\/uploads\/bb-plugin\/cache\/Hunab-Kareli-e1773371392597-circle.jpg\" alt=\"Kareli Kel\u00faa | Amaya Hunab\" itemprop=\"image\" height=\"1164\" width=\"1164\" title=\"Hunab &amp; Kareli\" onerror=\"this.style.display='none'\"  \/>\n\t<h3 data-path-to-node=\"5,0\"><strong>Amaya Hunab<\/strong><\/h3>\n<strong>Sound Architect<\/strong> <em>(20 years of experience)<\/em> and <strong>Founder of <a href=\"https:\/\/soulsync.com.mx\/en\/\" target=\"_blank\" rel=\"noopener\">Soul Sync\u00ae<\/a><\/strong> <em>(since 2018).<br \/>\n<\/em>Specialist in harmony systems and ritual design. <a href=\"https:\/\/amayahunab.com\" target=\"_blank\" rel=\"noopener\"><strong>Amaya<\/strong><\/a> He fuses sound with consciousness-building practices to guide people toward states of deep coherence. As co-founder of the movement <strong><a href=\"https:\/\/awakin.online\" target=\"_blank\" rel=\"noopener\">AWAKIN<\/a><\/strong> and founder of <a href=\"https:\/\/legatto.space\" target=\"_blank\" rel=\"noopener\"><strong>Legatto Music Institute<\/strong><\/a>, leads the integration of music as an essential tool for human regeneration and the discovery of personal identity.\n\t<h3 data-path-to-node=\"5,0\"><strong>Kareli Kel\u00faa<\/strong><\/h3>\n<strong>Somatic Specialist<\/strong> and <strong>Narrative Medicine<\/strong>.<br \/>\nFounding therapist of <a href=\"https:\/\/inmer-siva.com\" target=\"_blank\" rel=\"noopener\"><strong>IMMERSIVE<\/strong><\/a>, Kareli, an expert in nervous system regulation and somatic release, combines a multidisciplinary approach to mental health with the design of inner landscapes, facilitating spaces of high emotional and spiritual safety. Her approach uses the human voice (singing) and breath to transform the stress response into conscious presence, allowing collective coherence to flourish in each session.\n<h3>\n\t\t\tHow do we do it?:\t<\/h3>\n\t\t\t\t\t\t\t\t\t<img decoding=\"async\" src=\"https:\/\/soulsync.com.mx\/wp-content\/uploads\/2019\/02\/Esteto-300x300.png\" alt=\"Esteto\" itemprop=\"image\" srcset=\"https:\/\/soulsync.com.mx\/wp-content\/uploads\/2019\/02\/Esteto.png 510w, https:\/\/soulsync.com.mx\/wp-content\/uploads\/2019\/02\/Esteto-150x150.png 150w, https:\/\/soulsync.com.mx\/wp-content\/uploads\/2019\/02\/Esteto-300x300.png 300w\" sizes=\"(max-width: 510px) 100vw, 510px\" title=\"Aesthetus\" onerror=\"this.style.display='none'\"  \/>\n\t<p>We use <strong>specialized devices<\/strong>\u00a0as the main tool for listening to our own hearts and <strong>immerse ourselves in the journey<\/strong> that this sound evokes with its particular rhythm.<\/p>\n\t\t\t<a href=\"https:\/\/soulsync.com.mx\/en\/beat-healing\/\"  target=\"_self\">\n\t\t\t\t\t\t\tGet to know the Practice in depth\n\t\t\t\t\t<\/a>\n<h3  data-animation-delay=\"0.0\" data-animation-duration=\"1\">\n\t\t\tUnique Experience\t<\/h3>\n<h3  data-animation-delay=\"0.0\" data-animation-duration=\"1\">\n\t\t\tRestores Balance\t<\/h3>\n<h3  data-animation-delay=\"0.0\" data-animation-duration=\"1\">\n\t\t\tSafe Technique\t<\/h3>\n<h2  id=\"quehacemos\" data-animation-delay=\"0.0\" data-animation-duration=\"1\">\n\t\t\tOur History\t<\/h2>\n\t\t\t\t\t\t\t\t\t<img loading=\"lazy\" decoding=\"async\" src=\"https:\/\/soulsync.com.mx\/wp-content\/uploads\/bb-plugin\/cache\/Hunab-Profile-Soul-Sync-circle.jpg\" alt=\"Hunab Profile Soul Sync\" itemprop=\"image\" height=\"1164\" width=\"1164\" title=\"Hunab Profile Soul Sync\" onerror=\"this.style.display='none'\"  \/>\n\t\t<h3>\n\t\t\t\u201cThere is medicine in the Heart.\u201d.\n\t\t<\/h3>\n\t\t\t<p><strong><a href=\"https:\/\/www.amayahunab.com\" target=\"_blank\" rel=\"noopener\">\u2013 Amaya Hunab<\/a><\/strong><\/p>\t\t\n\t\u201cThroughout my career as a musical composer and passionate about identity, I understood that <strong>The true essence of a being is not built, it is heard<\/strong>. My journey through the world of innovation and neuromarketing led me to delve deeper into personal identity, discovering that the sound of the heart is the bridge to states of consciousness that we only experience in our most primal stage. I founded <a href=\"https:\/\/soulsync.com.mx\/en\/\" target=\"_blank\" rel=\"noopener\"><strong>Soul Sync\u00ae<\/strong><\/a> to transform that discovery into a tangible experience. Through the <em><a href=\"https:\/\/soulsync.com.mx\/en\/beat-healing\/\"><strong>Beat Healing<\/strong><\/a><\/em>, We have created a system that allows anyone to regain their emotional balance naturally.\n<strong>My mission is simple:<\/strong>\n<h4 data-path-to-node=\"7,2\"><strong>May the world stop looking for answers outside and begin to listen to inner wisdom.<\/strong>\u201c<\/h4>\n\t<style>\n    \/* Structural and aesthetic styling *\/\n    .elegant-video-wrapper {\n        position: relative;\n        padding-bottom: 56.25%; \/* 16:9 aspect ratio *\/\n        height: 0;\n        overflow: hidden;\n        border-radius: 16px; \n        box-shadow: 0 10px 30px rgba(0, 0, 0, 0.08); \n        margin: 20px auto; \n        max-width: 100%;\n        background-color: #000; \n        cursor: pointer;\n    }\n    \/* Styles the thumbnail image *\/\n    .elegant-video-wrapper img {\n        position: absolute;\n        top: 0;\n        left: 0;\n        width: 100%;\n        height: 100%;\n        object-fit: cover;\n        border-radius: 16px;\n    }\n    \/* Creates an elegant YouTube-style play button *\/\n    .elegant-video-wrapper .play-button {\n        position: absolute;\n        top: 50%;\n        left: 50%;\n        transform: translate(-50%, -50%);\n        width: 68px;\n        height: 48px;\n        background-color: rgba(0, 0, 0, 0.7);\n        border-radius: 10px;\n        display: flex;\n        align-items: center;\n        justify-content: center;\n        transition: background-color 0.3s ease;\n    }\n    \/* Button turns red when hovering *\/\n    .elegant-video-wrapper:hover .play-button {\n        background-color: #ff0000; \n    }\n    \/* Draws the white play triangle *\/\n    .elegant-video-wrapper .play-button::before {\n        content: \"\";\n        border-style: solid;\n        border-width: 10px 0 10px 20px;\n        border-color: transparent transparent transparent #fff;\n        margin-left: 5px;\n    }\n    \/* Styles the actual video player once it loads *\/\n    .elegant-video-wrapper iframe {\n        position: absolute;\n        top: 0;\n        left: 0;\n        width: 100%;\n        height: 100%;\n        border: none;\n        border-radius: 16px; \n    }\n<\/style>\n\n    `&#039;&gt;\n        <img decoding=\"async\" src=\"https:\/\/img.youtube.com\/vi\/w0dsncNWU80\/hqdefault.jpg\" alt=\"English Video\"\/>\n\n\n\t<blockquote>\n<h3>\u201cYour vision will only become clear when you can look into your own heart. He who looks outside, dreams; he who looks inside, awakens.\u201d.<\/h3>\n<p>Carl G. Jung<\/p>\n<\/blockquote>\n<figure itemscope itemtype=\"https:\/\/schema.org\/ImageObject\">\n\t\t\t\t<a href=\"http:\/\/www.soulsync.com\"  target=\"_self\" itemprop=\"url\">\n\t\t\t\t<img decoding=\"async\" src=\"https:\/\/soulsync.com.mx\/wp-content\/uploads\/2019\/07\/SS_Logo_Blanco.png\" alt=\"Soul Sync Logo White\" height=\"152\" width=\"500\" title=\"SS_Logo_Blanco\" onerror=\"this.style.display='none'\" loading=\"lazy\" \/>\n\t\t\t\t<\/a>\n\t<\/figure>\n\tOur <strong>mission<\/strong> it is to help that the whole world to listen to its own heart in an audible way. The <strong>purpose<\/strong> of Soul Sync is to facilitate this experience. We created the term<a href=\"https:\/\/soulsync.com.mx\/en\/beat-healing\/\"><strong>Beat Healing<\/strong><\/a>\u201d&quot;So that the world may hear its heart again. Soul Sync\u00ae, all rights reserved.&quot;.\n\n<h4>\n\t\t\tFollow us:\t<\/h4>\n\t\t<link itemprop=\"url\" href=\"https:\/\/soulsync.com.mx\"\/>\n\t\t<a itemprop=\"sameAs\" href=\"https:\/\/www.instagram.com\/soulsync.beathealing\" target=\"_blank\" title=\"Instagram\" aria-label=\"Instagram\" role=\"button\" rel=\"noopener noreferrer external\">\n\t\t\t\t\t<\/a>\n<h4>\n\t\t\tFeatured Links:\t<\/h4>\n\t<p><a href=\"https:\/\/soulsync.com.mx\/en\/contacto\/\">\u00b7 Contact<\/a><\/p>\n<p><a href=\"https:\/\/soulsync.com.mx\/en\/interocepcion-autodescubrimiento\/\">\u00b7 Interoception<\/a><\/p>\n<p>\u00b7<a href=\"https:\/\/soulsync.com.mx\/en\/articulos\/\"> Blog<\/a><\/p>\n<p><a href=\"http:\/\/www.mayansolutions.com\/en\">\u00b7 Mayan Solutions<\/a><\/p>\n<p><a href=\"https:\/\/inmer-siva.com\/\">\u00b7 IMMERSIVE<\/a><\/p>\n<p><a href=\"http:\/\/www.nahuayoga.com\">\u00b7 Nahua Yoga<\/a><\/p>\n<p><a href=\"https:\/\/www.heartmath.org\/\">\u00b7 HeartMath Institute<\/a><\/p>","protected":false},"excerpt":{"rendered":"<p>About Us: At Soul Sync, we believe that well-being is not a destination, but a state of coherence. We are a project that merges art, technology, and somatic science to reconnect with the primal language of being: the heartbeat. Through innovation and ritual design, we create spaces for self-exploration\u2026<\/p>","protected":false},"author":1,"featured_media":3800,"parent":0,"menu_order":0,"comment_status":"closed","ping_status":"closed","template":"","meta":{"footnotes":""},"class_list":["post-643","page","type-page","status-publish","has-post-thumbnail","hentry"],"yoast_head":"<!-- This site is optimized with the Yoast SEO plugin v27.1.1 - https:\/\/yoast.com\/product\/yoast-seo-wordpress\/ -->\n<title>Acerca - Soul Sync\u00ae<\/title>\n<meta name=\"robots\" content=\"index, follow, max-snippet:-1, max-image-preview:large, max-video-preview:-1\" \/>\n<link rel=\"canonical\" href=\"https:\/\/soulsync.com.mx\/en\/acerca\/\" \/>\n<meta property=\"og:locale\" content=\"en_US\" \/>\n<meta property=\"og:type\" content=\"article\" \/>\n<meta property=\"og:title\" content=\"Acerca - Soul Sync\u00ae\" \/>\n<meta property=\"og:description\" content=\"Acerca En Soul Sync, creemos que el bienestar no es un destino, sino un estado de coherencia. Somos un proyecto que fusiona el arte, la tecnolog\u00eda y la ciencia som\u00e1tica para reconectar con el lenguaje primigenio del ser: el latido del coraz\u00f3n. A trav\u00e9s de la innovaci\u00f3n y el dise\u00f1o ritual, creamos espacios de auto-exploraci\u00f3n&hellip;\" \/>\n<meta property=\"og:url\" content=\"https:\/\/soulsync.com.mx\/en\/acerca\/\" \/>\n<meta property=\"og:site_name\" content=\"Soul Sync\u00ae\" \/>\n<meta property=\"article:publisher\" content=\"https:\/\/www.facebook.com\/SoulSyncMX\" \/>\n<meta property=\"article:modified_time\" content=\"2026-04-09T18:05:33+00:00\" \/>\n<meta property=\"og:image\" content=\"https:\/\/soulsync.com.mx\/wp-content\/uploads\/2026\/03\/Soul-Sync-2026.jpeg\" \/>\n\t<meta property=\"og:image:width\" content=\"1024\" \/>\n\t<meta property=\"og:image:height\" content=\"768\" \/>\n\t<meta property=\"og:image:type\" content=\"image\/jpeg\" \/>\n<meta name=\"twitter:card\" content=\"summary_large_image\" \/>\n<meta name=\"twitter:label1\" content=\"Est. reading time\" \/>\n\t<meta name=\"twitter:data1\" content=\"5 minutes\" \/>\n<script type=\"application\/ld+json\" class=\"yoast-schema-graph\">{\"@context\":\"https:\/\/schema.org\",\"@graph\":[{\"@type\":\"WebPage\",\"@id\":\"https:\/\/soulsync.com.mx\/acerca\/\",\"url\":\"https:\/\/soulsync.com.mx\/acerca\/\",\"name\":\"Acerca - Soul Sync\u00ae\",\"isPartOf\":{\"@id\":\"https:\/\/soulsync.com.mx\/#website\"},\"primaryImageOfPage\":{\"@id\":\"https:\/\/soulsync.com.mx\/acerca\/#primaryimage\"},\"image\":{\"@id\":\"https:\/\/soulsync.com.mx\/acerca\/#primaryimage\"},\"thumbnailUrl\":\"https:\/\/soulsync.com.mx\/wp-content\/uploads\/2026\/03\/Soul-Sync-2026.jpeg\",\"datePublished\":\"2019-03-08T18:43:29+00:00\",\"dateModified\":\"2026-04-09T18:05:33+00:00\",\"breadcrumb\":{\"@id\":\"https:\/\/soulsync.com.mx\/acerca\/#breadcrumb\"},\"inLanguage\":\"en-US\",\"potentialAction\":[{\"@type\":\"ReadAction\",\"target\":[\"https:\/\/soulsync.com.mx\/acerca\/\"]}]},{\"@type\":\"ImageObject\",\"inLanguage\":\"en-US\",\"@id\":\"https:\/\/soulsync.com.mx\/acerca\/#primaryimage\",\"url\":\"https:\/\/soulsync.com.mx\/wp-content\/uploads\/2026\/03\/Soul-Sync-2026.jpeg\",\"contentUrl\":\"https:\/\/soulsync.com.mx\/wp-content\/uploads\/2026\/03\/Soul-Sync-2026.jpeg\",\"width\":1024,\"height\":768},{\"@type\":\"BreadcrumbList\",\"@id\":\"https:\/\/soulsync.com.mx\/acerca\/#breadcrumb\",\"itemListElement\":[{\"@type\":\"ListItem\",\"position\":1,\"name\":\"Portada\",\"item\":\"https:\/\/soulsync.com.mx\/\"},{\"@type\":\"ListItem\",\"position\":2,\"name\":\"Acerca\"}]},{\"@type\":\"WebSite\",\"@id\":\"https:\/\/soulsync.com.mx\/#website\",\"url\":\"https:\/\/soulsync.com.mx\/\",\"name\":\"Soul Sync\u00ae\",\"description\":\"Escucha tu Coraz\u00f3n\",\"publisher\":{\"@id\":\"https:\/\/soulsync.com.mx\/#organization\"},\"potentialAction\":[{\"@type\":\"SearchAction\",\"target\":{\"@type\":\"EntryPoint\",\"urlTemplate\":\"https:\/\/soulsync.com.mx\/?s={search_term_string}\"},\"query-input\":{\"@type\":\"PropertyValueSpecification\",\"valueRequired\":true,\"valueName\":\"search_term_string\"}}],\"inLanguage\":\"en-US\"},{\"@type\":\"Organization\",\"@id\":\"https:\/\/soulsync.com.mx\/#organization\",\"name\":\"Soul Sync\",\"url\":\"https:\/\/soulsync.com.mx\/\",\"logo\":{\"@type\":\"ImageObject\",\"inLanguage\":\"en-US\",\"@id\":\"https:\/\/soulsync.com.mx\/#\/schema\/logo\/image\/\",\"url\":\"https:\/\/soulsync.com.mx\/wp-content\/uploads\/2018\/11\/cropped-Soul-Sync_Sello-Blanco-1.png\",\"contentUrl\":\"https:\/\/soulsync.com.mx\/wp-content\/uploads\/2018\/11\/cropped-Soul-Sync_Sello-Blanco-1.png\",\"width\":512,\"height\":512,\"caption\":\"Soul Sync\"},\"image\":{\"@id\":\"https:\/\/soulsync.com.mx\/#\/schema\/logo\/image\/\"},\"sameAs\":[\"https:\/\/www.facebook.com\/SoulSyncMX\",\"https:\/\/www.youtube.com\/channel\/UC__EWDK7LE43d558-w28yFA\",\"https:\/\/www.facebook.com\/soulsync.beathealing\"]}]}<\/script>\n<!-- \/ Yoast SEO plugin. -->","yoast_head_json":{"title":"About - Soul Sync\u00ae","robots":{"index":"index","follow":"follow","max-snippet":"max-snippet:-1","max-image-preview":"max-image-preview:large","max-video-preview":"max-video-preview:-1"},"canonical":"https:\/\/soulsync.com.mx\/en\/acerca\/","og_locale":"en_US","og_type":"article","og_title":"Acerca - Soul Sync\u00ae","og_description":"Acerca En Soul Sync, creemos que el bienestar no es un destino, sino un estado de coherencia. Somos un proyecto que fusiona el arte, la tecnolog\u00eda y la ciencia som\u00e1tica para reconectar con el lenguaje primigenio del ser: el latido del coraz\u00f3n. A trav\u00e9s de la innovaci\u00f3n y el dise\u00f1o ritual, creamos espacios de auto-exploraci\u00f3n&hellip;","og_url":"https:\/\/soulsync.com.mx\/en\/acerca\/","og_site_name":"Soul Sync\u00ae","article_publisher":"https:\/\/www.facebook.com\/SoulSyncMX","article_modified_time":"2026-04-09T18:05:33+00:00","og_image":[{"width":1024,"height":768,"url":"https:\/\/soulsync.com.mx\/wp-content\/uploads\/2026\/03\/Soul-Sync-2026.jpeg","type":"image\/jpeg"}],"twitter_card":"summary_large_image","twitter_misc":{"Est. reading time":"5 minutes"},"schema":{"@context":"https:\/\/schema.org","@graph":[{"@type":"WebPage","@id":"https:\/\/soulsync.com.mx\/acerca\/","url":"https:\/\/soulsync.com.mx\/acerca\/","name":"About - Soul Sync\u00ae","isPartOf":{"@id":"https:\/\/soulsync.com.mx\/#website"},"primaryImageOfPage":{"@id":"https:\/\/soulsync.com.mx\/acerca\/#primaryimage"},"image":{"@id":"https:\/\/soulsync.com.mx\/acerca\/#primaryimage"},"thumbnailUrl":"https:\/\/soulsync.com.mx\/wp-content\/uploads\/2026\/03\/Soul-Sync-2026.jpeg","datePublished":"2019-03-08T18:43:29+00:00","dateModified":"2026-04-09T18:05:33+00:00","breadcrumb":{"@id":"https:\/\/soulsync.com.mx\/acerca\/#breadcrumb"},"inLanguage":"en-US","potentialAction":[{"@type":"ReadAction","target":["https:\/\/soulsync.com.mx\/acerca\/"]}]},{"@type":"ImageObject","inLanguage":"en-US","@id":"https:\/\/soulsync.com.mx\/acerca\/#primaryimage","url":"https:\/\/soulsync.com.mx\/wp-content\/uploads\/2026\/03\/Soul-Sync-2026.jpeg","contentUrl":"https:\/\/soulsync.com.mx\/wp-content\/uploads\/2026\/03\/Soul-Sync-2026.jpeg","width":1024,"height":768},{"@type":"BreadcrumbList","@id":"https:\/\/soulsync.com.mx\/acerca\/#breadcrumb","itemListElement":[{"@type":"ListItem","position":1,"name":"Portada","item":"https:\/\/soulsync.com.mx\/"},{"@type":"ListItem","position":2,"name":"Acerca"}]},{"@type":"WebSite","@id":"https:\/\/soulsync.com.mx\/#website","url":"https:\/\/soulsync.com.mx\/","name":"Soul Sync\u00ae","description":"Listen to your heart","publisher":{"@id":"https:\/\/soulsync.com.mx\/#organization"},"potentialAction":[{"@type":"SearchAction","target":{"@type":"EntryPoint","urlTemplate":"https:\/\/soulsync.com.mx\/?s={search_term_string}"},"query-input":{"@type":"PropertyValueSpecification","valueRequired":true,"valueName":"search_term_string"}}],"inLanguage":"en-US"},{"@type":"Organization","@id":"https:\/\/soulsync.com.mx\/#organization","name":"Soul Sync","url":"https:\/\/soulsync.com.mx\/","logo":{"@type":"ImageObject","inLanguage":"en-US","@id":"https:\/\/soulsync.com.mx\/#\/schema\/logo\/image\/","url":"https:\/\/soulsync.com.mx\/wp-content\/uploads\/2018\/11\/cropped-Soul-Sync_Sello-Blanco-1.png","contentUrl":"https:\/\/soulsync.com.mx\/wp-content\/uploads\/2018\/11\/cropped-Soul-Sync_Sello-Blanco-1.png","width":512,"height":512,"caption":"Soul Sync"},"image":{"@id":"https:\/\/soulsync.com.mx\/#\/schema\/logo\/image\/"},"sameAs":["https:\/\/www.facebook.com\/SoulSyncMX","https:\/\/www.youtube.com\/channel\/UC__EWDK7LE43d558-w28yFA","https:\/\/www.facebook.com\/soulsync.beathealing"]}]}},"_links":{"self":[{"href":"https:\/\/soulsync.com.mx\/en\/wp-json\/wp\/v2\/pages\/643","targetHints":{"allow":["GET"]}}],"collection":[{"href":"https:\/\/soulsync.com.mx\/en\/wp-json\/wp\/v2\/pages"}],"about":[{"href":"https:\/\/soulsync.com.mx\/en\/wp-json\/wp\/v2\/types\/page"}],"author":[{"embeddable":true,"href":"https:\/\/soulsync.com.mx\/en\/wp-json\/wp\/v2\/users\/1"}],"replies":[{"embeddable":true,"href":"https:\/\/soulsync.com.mx\/en\/wp-json\/wp\/v2\/comments?post=643"}],"version-history":[{"count":11,"href":"https:\/\/soulsync.com.mx\/en\/wp-json\/wp\/v2\/pages\/643\/revisions"}],"predecessor-version":[{"id":3834,"href":"https:\/\/soulsync.com.mx\/en\/wp-json\/wp\/v2\/pages\/643\/revisions\/3834"}],"wp:featuredmedia":[{"embeddable":true,"href":"https:\/\/soulsync.com.mx\/en\/wp-json\/wp\/v2\/media\/3800"}],"wp:attachment":[{"href":"https:\/\/soulsync.com.mx\/en\/wp-json\/wp\/v2\/media?parent=643"}],"curies":[{"name":"wp","href":"https:\/\/api.w.org\/{rel}","templated":true}]}}