{"id":659,"date":"2019-03-08T18:55:02","date_gmt":"2019-03-08T18:55:02","guid":{"rendered":"https:\/\/soulsync.com.mx\/?page_id=659"},"modified":"2026-04-09T18:13:24","modified_gmt":"2026-04-09T18:13:24","slug":"testimonios","status":"publish","type":"page","link":"https:\/\/soulsync.com.mx\/en\/testimonios\/","title":{"rendered":"Testimonials"},"content":{"rendered":"<h2>\n\t\t\tTestimonials\t<\/h2>\n\t\t<!-- Slides wrapper -->\n\t\t\t\t\t\t\t\t\t\t\t\t\t\t<img decoding=\"async\" src=\"https:\/\/soulsync.com.mx\/wp-content\/uploads\/2019\/01\/Perret.png\" alt=\"Ricardo Perret\" \/>\n\t\t\t\t\t\t<cite>\n\t\t\t\t\t\t\tRicardo Perret\n\t<i>\u2605<\/i><i>\u2605<\/i><i>\u2605<\/i><i>\u2605<\/i><i>\u2605<\/i>\t\t\t\t\t\t\tInnovation Expert\n\t\t\t\t\t\t<\/cite>\n\t\t\t\t\t\t\t<p><em>&#8220;Soul Sync est\u00e1 logrando unir tres grandes elementos para la sanaci\u00f3n emocional: los <strong>beats<\/strong> from the heart, the <strong>breathing<\/strong> and <strong>music<\/strong>. Soul Sync promises to be a very <strong>powerful<\/strong> technology for <strong>healing<\/strong>.&#8221;<\/em><\/p>\t\t\t\t\t\t\n\t\t\t\t\t\t\t\t\t\t\t\t\t\t<img decoding=\"async\" src=\"https:\/\/soulsync.com.mx\/wp-content\/uploads\/2019\/01\/Claudia-Lizaldi.png\" alt=\"Claudia Lizaldi\" \/>\n\t\t\t\t\t\t<cite>\n\t\t\t\t\t\t\tClaudia Lizaldi\n\t<i>\u2605<\/i><i>\u2605<\/i><i>\u2605<\/i><i>\u2605<\/i><i>\u2605<\/i>\t\t\t\t\t\t\tActress and Entrepreneur\n\t\t\t\t\t\t<\/cite>\n\t\t\t\t\t\t\t<p><em>&#8220;La paz del coraz\u00f3n siempre est\u00e1 presente, su &#8220;S\u00ed&#8221; a la vida constante en cada latido. Acceder a ese <strong>power<\/strong> and bringing it to our conscious life its <strong>Benefits<\/strong> and blessings is a huge gift; being able to <strong>share it<\/strong> and <strong>sync<\/strong> from this space with my children, a bigger one. Thank you Soul Sync for this beautiful development.<\/em><em>.&#8221;<\/em><\/p>\t\t\t\t\t\t\n\t\t\t\t\t\t\t\t\t\t\t\t\t\t<img decoding=\"async\" src=\"https:\/\/soulsync.com.mx\/wp-content\/uploads\/2019\/01\/Francesco-Karla.png\" alt=\"Francesco &#038; Karla Gaggioli\" \/>\n\t\t\t\t\t\t<cite>\n\t\t\t\t\t\t\tFrancesco &amp; Karla Gaggioli\n\t<i>\u2605<\/i><i>\u2605<\/i><i>\u2605<\/i><i>\u2605<\/i><i>\u2605<\/i>\t\t\t\t\t\t\tHolistic Therapists\n\t\t\t\t\t\t<\/cite>\n\t\t\t\t\t\t\t<p><em>&#8220;- Fue una experiencia <strong>enriching<\/strong> and surprisingly <strong>profound<\/strong>. It makes you truly listen and listen to the other, without mind or reason.<br \/>&#8211; Escuchar de manera tan directa tu propio coraz\u00f3n conecta con TU fuente.<br \/><\/em><em>And doing it <strong>with your partner<\/strong> es a\u00fan m\u00e1s perfecto.&#8221;<\/em><\/p>\t\t\t\t\t\t\n\t\t\t\t\t\t\t\t\t\t\t\t\t\t<img decoding=\"async\" src=\"https:\/\/soulsync.com.mx\/wp-content\/uploads\/2019\/04\/Jus.png\" alt=\"Julia Pieper\" \/>\n\t\t\t\t\t\t<cite>\n\t\t\t\t\t\t\tJulia Pieper\n\t<i>\u2605<\/i><i>\u2605<\/i><i>\u2605<\/i><i>\u2605<\/i><i>\u2605<\/i>\t\t\t\t\t\t\tYoga educator\n\t\t\t\t\t\t<\/cite>\n\t\t\t\t\t\t\t<p><em>&#8220;Mi misi\u00f3n en la vida es facilitar la <strong>Connection<\/strong> of people with themselves (Heart &amp; Mind), with each other and with nature.<br \/><strong>When I got to know Soul Sync, I really fell in love!<\/strong><br \/>In our world, which is still marked by separation and isolation, it works in a beautiful way: <strong>natural<\/strong> and <strong>organic<\/strong>, as a guide on our path to peace and union<\/em><em>.&#8221;<\/em><\/p>\t\t\t\t\t\t\n\t\t\t\t<!-- Pagination, if required -->\n\t\t\t<a href=\"https:\/\/soulsync.com.mx\/en\/contacto\/\"  target=\"_self\">\n\t\t\t\t\t\tSend us your testimonial\n\t\t\t\t\t<\/a>\n\t\t\t<a href=\"https:\/\/www.facebook.com\/pg\/SoulSyncMX\/reviews\/?ref=page_internal\"  target=\"_blank\" rel=\"noopener\">\n\t\t\t\t\t\tShare your experience on Facebook\n\t\t\t\t\t<\/a>\n<h3>\n\t\t<a href=\"https:\/\/www.facebook.com\/pg\/SoulSyncMX\/reviews\/?ref=page_internal\" title=\"Reviews\"  target=\"_blank\"  rel=\"noopener\">\n\t\t\tReviews\t\t<\/a>\n\t<\/h3>\n\t\t<!-- Slides wrapper -->\n\t\t\t\t\t\t\t\t\t\t\t\t\t\t<img decoding=\"async\" src=\"https:\/\/soulsync.com.mx\/wp-content\/uploads\/2019\/12\/46837177_10155640797220426_5328690362787561472_n.jpg\" alt=\"Taran Gong\" \/>\n\t\t\t\t\t\t<cite>\n\t\t\t\t\t\t\tTaran Gong\n\t<i>\u2605<\/i><i>\u2605<\/i><i>\u2605<\/i><i>\u2605<\/i><i>\u2605<\/i>\t\t\t\t\t\t\tA great connection experience with your being.\n\t\t\t\t\t\t<\/cite>\n\t\t\t\t\t\t\t<p>Listen to your heart \u2763 and recognize that great power that is within you, reactivate it and expand it consciously in the here and now to tune into the frequency of love together with a wonderful Sound Healing session. Thanks for sharing \ud83d\ude4f\ud83c\udffb<\/p>\t\t\t\t\t\t\n\t\t\t\t\t\t\t\t\t\t\t\t\t\t<img decoding=\"async\" src=\"https:\/\/soulsync.com.mx\/wp-content\/uploads\/2019\/12\/21616062_10155213883218220_5530601482886372676_n.jpg\" alt=\"Mercedes Ojeda\" \/>\n\t\t\t\t\t\t<cite>\n\t\t\t\t\t\t\tMercedes Ojeda\n\t<i>\u2605<\/i><i>\u2605<\/i><i>\u2605<\/i><i>\u2605<\/i><i>\u2605<\/i>\t\t\t\t\t\t\tIt is simple, a sound, an internal friend that has always been with you. It is so &quot;known&quot; that it goes unnoticed.\n\t\t\t\t\t\t<\/cite>\n\t\t\t\t\t\t\t<p>This experience changed my life because I will never forget that each one of us contributes a song to the symphony of life\u2026 in perfection. I usually sleep with my stethoscope close by. And from time to time, I listen and feel myself. I want to thank this awareness now and if you have not yet experienced this magic of discovering what is science and music in your cardiac coherence, believe me, it will fascinate you! This possibility occurred to him.<\/p>\t\t\t\t\t\t\n\t\t\t\t\t\t\t\t\t\t\t\t\t\t<img decoding=\"async\" src=\"https:\/\/soulsync.com.mx\/wp-content\/uploads\/2019\/09\/Heart-2-1-300x300.png\" alt=\"Val Rigoni\" \/>\n\t\t\t\t\t\t<cite>\n\t\t\t\t\t\t\tVal Rigoni\n\t<i>\u2605<\/i><i>\u2605<\/i><i>\u2605<\/i><i>\u2605<\/i><i>\u2605<\/i>\t\t\t\t\t\t\t10\/10\n\t\t\t\t\t\t<\/cite>\n\t\t\t\t\t\t\t<p>From the moment I began to take a deep breath and follow the instructor&#039;s instructions, the dynamics with my activity partner began to deepen. I definitely recommend it to those who seek introspection, self-knowledge, and above all, follow their heart.<\/p>\t\t\t\t\t\t\n\t\t\t\t\t\t\t\t\t\t\t\t\t\t<img decoding=\"async\" src=\"https:\/\/soulsync.com.mx\/wp-content\/uploads\/2019\/09\/Heart-2-1-300x300.png\" alt=\"Yoko Tellez\" \/>\n\t\t\t\t\t\t<cite>\n\t\t\t\t\t\t\tYoko Tellez\n\t<i>\u2605<\/i><i>\u2605<\/i><i>\u2605<\/i><i>\u2605<\/i><i>\u2605<\/i>\t\t\t\t\t\t\tIt exceeded my expectations!\n\t\t\t\t\t\t<\/cite>\n\t\t\t\t\t\t\t<p>I am new to meditation, but with this technique I was able to connect deeply with myself in the first few minutes of the session.Listening (literally) to MY INNER SELF was an unforgettable experience. Thank you \u2764\ufe0f.<\/p>\t\t\t\t\t\t\n\t\t\t\t\t\t\t\t\t\t\t\t\t\t<img decoding=\"async\" src=\"https:\/\/soulsync.com.mx\/wp-content\/uploads\/2019\/09\/Heart-2-1-300x300.png\" alt=\"Alondra Garc\u00eda\" \/>\n\t\t\t\t\t\t<cite>\n\t\t\t\t\t\t\tLark Garcia\n\t<i>\u2605<\/i><i>\u2605<\/i><i>\u2605<\/i><i>\u2605<\/i><i>\u2605<\/i>\t\t\t\t\t\t\tRecommended 1000%\n\t\t\t\t\t\t<\/cite>\n\t\t\t\t\t\t\t<p>Amazing experience, we should all open our heart and mind to live it.<\/p>\t\t\t\t\t\t\n\t\t\t\t\t\t\t\t\t\t\t\t\t\t<img decoding=\"async\" src=\"https:\/\/soulsync.com.mx\/wp-content\/uploads\/2019\/09\/Heart-2-1-300x300.png\" alt=\"Itzel F. H.\" \/>\n\t\t\t\t\t\t<cite>\n\t\t\t\t\t\t\tItzel FH\n\t<i>\u2605<\/i><i>\u2605<\/i><i>\u2605<\/i><i>\u2605<\/i><i>\u2605<\/i>\t\t\t\t\t\t\tThank you for this great gift!\n\t\t\t\t\t\t<\/cite>\n\t\t\t\t\t\t\t<p>Of the most beautiful gifts that connects with the Being and the temporal experience in a perfect here and now.<\/p>\t\t\t\t\t\t\n\t\t\t\t<!-- Pagination, if required -->\n<figure itemscope itemtype=\"https:\/\/schema.org\/ImageObject\">\n\t\t\t\t<a href=\"http:\/\/www.soulsync.com\"  target=\"_self\" itemprop=\"url\">\n\t\t\t\t<img decoding=\"async\" src=\"https:\/\/soulsync.com.mx\/wp-content\/uploads\/2019\/07\/SS_Logo_Blanco.png\" alt=\"Soul Sync Logo White\" height=\"152\" width=\"500\" title=\"SS_Logo_Blanco\" onerror=\"this.style.display='none'\" loading=\"lazy\" \/>\n\t\t\t\t<\/a>\n\t<\/figure>\n\tOur <strong>mission<\/strong> it is to help that the whole world to listen to its own heart in an audible way. The <strong>purpose<\/strong> of Soul Sync is to facilitate this experience. We created the term<a href=\"https:\/\/soulsync.com.mx\/en\/beat-healing\/\"><strong>Beat Healing<\/strong><\/a>\u201d&quot;So that the world may hear its heart again. Soul Sync\u00ae, all rights reserved.&quot;.\n\n<h4>\n\t\t\tFollow us:\t<\/h4>\n\t\t<link itemprop=\"url\" href=\"https:\/\/soulsync.com.mx\"\/>\n\t\t<a itemprop=\"sameAs\" href=\"https:\/\/www.instagram.com\/soulsync.beathealing\" target=\"_blank\" title=\"Instagram\" aria-label=\"Instagram\" role=\"button\" rel=\"noopener noreferrer external\">\n\t\t\t\t\t<\/a>\n<h4>\n\t\t\tFeatured Links:\t<\/h4>\n\t<p><a href=\"https:\/\/soulsync.com.mx\/en\/contacto\/\">\u00b7 Contact<\/a><\/p>\n<p><a href=\"https:\/\/soulsync.com.mx\/en\/interocepcion-autodescubrimiento\/\">\u00b7 Interoception<\/a><\/p>\n<p>\u00b7<a href=\"https:\/\/soulsync.com.mx\/en\/articulos\/\"> Blog<\/a><\/p>\n<p><a href=\"http:\/\/www.mayansolutions.com\/en\">\u00b7 Mayan Solutions<\/a><\/p>\n<p><a href=\"https:\/\/inmer-siva.com\/\">\u00b7 IMMERSIVE<\/a><\/p>\n<p><a href=\"http:\/\/www.nahuayoga.com\">\u00b7 Nahua Yoga<\/a><\/p>\n<p><a href=\"https:\/\/www.heartmath.org\/\">\u00b7 HeartMath Institute<\/a><\/p>","protected":false},"excerpt":{"rendered":"<p>Testimonios Ricardo Perret &#9733;&#9733;&#9733;&#9733;&#9733; Experto en Innovaci\u00f3n &#8220;Soul Sync est\u00e1 logrando unir tres grandes elementos para la sanaci\u00f3n emocional: los latidos del coraz\u00f3n, la respiraci\u00f3n y la m\u00fasica. Soul Sync promete ser una tecnolog\u00eda muy poderosa de sanaci\u00f3n.&#8221; Claudia Lizaldi &#9733;&#9733;&#9733;&#9733;&#9733; Actriz y Emprendedora &#8220;La paz del coraz\u00f3n siempre est\u00e1 presente, su &#8220;S\u00ed&#8221; a la&hellip;<\/p>","protected":false},"author":1,"featured_media":1575,"parent":0,"menu_order":0,"comment_status":"closed","ping_status":"closed","template":"","meta":{"footnotes":""},"class_list":["post-659","page","type-page","status-publish","has-post-thumbnail","hentry"],"yoast_head":"<!-- This site is optimized with the Yoast SEO plugin v27.1.1 - https:\/\/yoast.com\/product\/yoast-seo-wordpress\/ -->\n<title>Testimonios - Soul Sync\u00ae<\/title>\n<meta name=\"robots\" content=\"index, follow, max-snippet:-1, max-image-preview:large, max-video-preview:-1\" \/>\n<link rel=\"canonical\" href=\"https:\/\/soulsync.com.mx\/en\/testimonios\/\" \/>\n<meta property=\"og:locale\" content=\"en_US\" \/>\n<meta property=\"og:type\" content=\"article\" \/>\n<meta property=\"og:title\" content=\"Testimonios - Soul Sync\u00ae\" \/>\n<meta property=\"og:description\" content=\"Testimonios Ricardo Perret &#9733;&#9733;&#9733;&#9733;&#9733; Experto en Innovaci\u00f3n &#8220;Soul Sync est\u00e1 logrando unir tres grandes elementos para la sanaci\u00f3n emocional: los latidos del coraz\u00f3n, la respiraci\u00f3n y la m\u00fasica. Soul Sync promete ser una tecnolog\u00eda muy poderosa de sanaci\u00f3n.&#8221; Claudia Lizaldi &#9733;&#9733;&#9733;&#9733;&#9733; Actriz y Emprendedora &#8220;La paz del coraz\u00f3n siempre est\u00e1 presente, su &#8220;S\u00ed&#8221; a la&hellip;\" \/>\n<meta property=\"og:url\" content=\"https:\/\/soulsync.com.mx\/en\/testimonios\/\" \/>\n<meta property=\"og:site_name\" content=\"Soul Sync\u00ae\" \/>\n<meta property=\"article:publisher\" content=\"https:\/\/www.facebook.com\/SoulSyncMX\" \/>\n<meta property=\"article:modified_time\" content=\"2026-04-09T18:13:24+00:00\" \/>\n<meta property=\"og:image\" content=\"https:\/\/soulsync.com.mx\/wp-content\/uploads\/2019\/12\/SS_PP2020_alt.png\" \/>\n\t<meta property=\"og:image:width\" content=\"1080\" \/>\n\t<meta property=\"og:image:height\" content=\"1080\" \/>\n\t<meta property=\"og:image:type\" content=\"image\/png\" \/>\n<meta name=\"twitter:card\" content=\"summary_large_image\" \/>\n<meta name=\"twitter:label1\" content=\"Est. reading time\" \/>\n\t<meta name=\"twitter:data1\" content=\"3 minutes\" \/>\n<script type=\"application\/ld+json\" class=\"yoast-schema-graph\">{\"@context\":\"https:\/\/schema.org\",\"@graph\":[{\"@type\":\"WebPage\",\"@id\":\"https:\/\/soulsync.com.mx\/testimonios\/\",\"url\":\"https:\/\/soulsync.com.mx\/testimonios\/\",\"name\":\"Testimonios - Soul Sync\u00ae\",\"isPartOf\":{\"@id\":\"https:\/\/soulsync.com.mx\/#website\"},\"primaryImageOfPage\":{\"@id\":\"https:\/\/soulsync.com.mx\/testimonios\/#primaryimage\"},\"image\":{\"@id\":\"https:\/\/soulsync.com.mx\/testimonios\/#primaryimage\"},\"thumbnailUrl\":\"https:\/\/soulsync.com.mx\/wp-content\/uploads\/2019\/12\/SS_PP2020_alt.png\",\"datePublished\":\"2019-03-08T18:55:02+00:00\",\"dateModified\":\"2026-04-09T18:13:24+00:00\",\"breadcrumb\":{\"@id\":\"https:\/\/soulsync.com.mx\/testimonios\/#breadcrumb\"},\"inLanguage\":\"en-US\",\"potentialAction\":[{\"@type\":\"ReadAction\",\"target\":[\"https:\/\/soulsync.com.mx\/testimonios\/\"]}]},{\"@type\":\"ImageObject\",\"inLanguage\":\"en-US\",\"@id\":\"https:\/\/soulsync.com.mx\/testimonios\/#primaryimage\",\"url\":\"https:\/\/soulsync.com.mx\/wp-content\/uploads\/2019\/12\/SS_PP2020_alt.png\",\"contentUrl\":\"https:\/\/soulsync.com.mx\/wp-content\/uploads\/2019\/12\/SS_PP2020_alt.png\",\"width\":1080,\"height\":1080,\"caption\":\"Soul Sync Meditacion\"},{\"@type\":\"BreadcrumbList\",\"@id\":\"https:\/\/soulsync.com.mx\/testimonios\/#breadcrumb\",\"itemListElement\":[{\"@type\":\"ListItem\",\"position\":1,\"name\":\"Portada\",\"item\":\"https:\/\/soulsync.com.mx\/\"},{\"@type\":\"ListItem\",\"position\":2,\"name\":\"Testimonios\"}]},{\"@type\":\"WebSite\",\"@id\":\"https:\/\/soulsync.com.mx\/#website\",\"url\":\"https:\/\/soulsync.com.mx\/\",\"name\":\"Soul Sync\u00ae\",\"description\":\"Escucha tu Coraz\u00f3n\",\"publisher\":{\"@id\":\"https:\/\/soulsync.com.mx\/#organization\"},\"potentialAction\":[{\"@type\":\"SearchAction\",\"target\":{\"@type\":\"EntryPoint\",\"urlTemplate\":\"https:\/\/soulsync.com.mx\/?s={search_term_string}\"},\"query-input\":{\"@type\":\"PropertyValueSpecification\",\"valueRequired\":true,\"valueName\":\"search_term_string\"}}],\"inLanguage\":\"en-US\"},{\"@type\":\"Organization\",\"@id\":\"https:\/\/soulsync.com.mx\/#organization\",\"name\":\"Soul Sync\",\"url\":\"https:\/\/soulsync.com.mx\/\",\"logo\":{\"@type\":\"ImageObject\",\"inLanguage\":\"en-US\",\"@id\":\"https:\/\/soulsync.com.mx\/#\/schema\/logo\/image\/\",\"url\":\"https:\/\/soulsync.com.mx\/wp-content\/uploads\/2018\/11\/cropped-Soul-Sync_Sello-Blanco-1.png\",\"contentUrl\":\"https:\/\/soulsync.com.mx\/wp-content\/uploads\/2018\/11\/cropped-Soul-Sync_Sello-Blanco-1.png\",\"width\":512,\"height\":512,\"caption\":\"Soul Sync\"},\"image\":{\"@id\":\"https:\/\/soulsync.com.mx\/#\/schema\/logo\/image\/\"},\"sameAs\":[\"https:\/\/www.facebook.com\/SoulSyncMX\",\"https:\/\/www.youtube.com\/channel\/UC__EWDK7LE43d558-w28yFA\",\"https:\/\/www.facebook.com\/soulsync.beathealing\"]}]}<\/script>\n<!-- \/ Yoast SEO plugin. -->","yoast_head_json":{"title":"Testimonios - Soul Sync\u00ae","robots":{"index":"index","follow":"follow","max-snippet":"max-snippet:-1","max-image-preview":"max-image-preview:large","max-video-preview":"max-video-preview:-1"},"canonical":"https:\/\/soulsync.com.mx\/en\/testimonios\/","og_locale":"en_US","og_type":"article","og_title":"Testimonios - Soul Sync\u00ae","og_description":"Testimonios Ricardo Perret &#9733;&#9733;&#9733;&#9733;&#9733; Experto en Innovaci\u00f3n &#8220;Soul Sync est\u00e1 logrando unir tres grandes elementos para la sanaci\u00f3n emocional: los latidos del coraz\u00f3n, la respiraci\u00f3n y la m\u00fasica. Soul Sync promete ser una tecnolog\u00eda muy poderosa de sanaci\u00f3n.&#8221; Claudia Lizaldi &#9733;&#9733;&#9733;&#9733;&#9733; Actriz y Emprendedora &#8220;La paz del coraz\u00f3n siempre est\u00e1 presente, su &#8220;S\u00ed&#8221; a la&hellip;","og_url":"https:\/\/soulsync.com.mx\/en\/testimonios\/","og_site_name":"Soul Sync\u00ae","article_publisher":"https:\/\/www.facebook.com\/SoulSyncMX","article_modified_time":"2026-04-09T18:13:24+00:00","og_image":[{"width":1080,"height":1080,"url":"https:\/\/soulsync.com.mx\/wp-content\/uploads\/2019\/12\/SS_PP2020_alt.png","type":"image\/png"}],"twitter_card":"summary_large_image","twitter_misc":{"Est. reading time":"3 minutes"},"schema":{"@context":"https:\/\/schema.org","@graph":[{"@type":"WebPage","@id":"https:\/\/soulsync.com.mx\/testimonios\/","url":"https:\/\/soulsync.com.mx\/testimonios\/","name":"Testimonios - Soul Sync\u00ae","isPartOf":{"@id":"https:\/\/soulsync.com.mx\/#website"},"primaryImageOfPage":{"@id":"https:\/\/soulsync.com.mx\/testimonios\/#primaryimage"},"image":{"@id":"https:\/\/soulsync.com.mx\/testimonios\/#primaryimage"},"thumbnailUrl":"https:\/\/soulsync.com.mx\/wp-content\/uploads\/2019\/12\/SS_PP2020_alt.png","datePublished":"2019-03-08T18:55:02+00:00","dateModified":"2026-04-09T18:13:24+00:00","breadcrumb":{"@id":"https:\/\/soulsync.com.mx\/testimonios\/#breadcrumb"},"inLanguage":"en-US","potentialAction":[{"@type":"ReadAction","target":["https:\/\/soulsync.com.mx\/testimonios\/"]}]},{"@type":"ImageObject","inLanguage":"en-US","@id":"https:\/\/soulsync.com.mx\/testimonios\/#primaryimage","url":"https:\/\/soulsync.com.mx\/wp-content\/uploads\/2019\/12\/SS_PP2020_alt.png","contentUrl":"https:\/\/soulsync.com.mx\/wp-content\/uploads\/2019\/12\/SS_PP2020_alt.png","width":1080,"height":1080,"caption":"Soul Sync Meditacion"},{"@type":"BreadcrumbList","@id":"https:\/\/soulsync.com.mx\/testimonios\/#breadcrumb","itemListElement":[{"@type":"ListItem","position":1,"name":"Portada","item":"https:\/\/soulsync.com.mx\/"},{"@type":"ListItem","position":2,"name":"Testimonios"}]},{"@type":"WebSite","@id":"https:\/\/soulsync.com.mx\/#website","url":"https:\/\/soulsync.com.mx\/","name":"Soul Sync\u00ae","description":"Listen to your heart","publisher":{"@id":"https:\/\/soulsync.com.mx\/#organization"},"potentialAction":[{"@type":"SearchAction","target":{"@type":"EntryPoint","urlTemplate":"https:\/\/soulsync.com.mx\/?s={search_term_string}"},"query-input":{"@type":"PropertyValueSpecification","valueRequired":true,"valueName":"search_term_string"}}],"inLanguage":"en-US"},{"@type":"Organization","@id":"https:\/\/soulsync.com.mx\/#organization","name":"Soul Sync","url":"https:\/\/soulsync.com.mx\/","logo":{"@type":"ImageObject","inLanguage":"en-US","@id":"https:\/\/soulsync.com.mx\/#\/schema\/logo\/image\/","url":"https:\/\/soulsync.com.mx\/wp-content\/uploads\/2018\/11\/cropped-Soul-Sync_Sello-Blanco-1.png","contentUrl":"https:\/\/soulsync.com.mx\/wp-content\/uploads\/2018\/11\/cropped-Soul-Sync_Sello-Blanco-1.png","width":512,"height":512,"caption":"Soul Sync"},"image":{"@id":"https:\/\/soulsync.com.mx\/#\/schema\/logo\/image\/"},"sameAs":["https:\/\/www.facebook.com\/SoulSyncMX","https:\/\/www.youtube.com\/channel\/UC__EWDK7LE43d558-w28yFA","https:\/\/www.facebook.com\/soulsync.beathealing"]}]}},"_links":{"self":[{"href":"https:\/\/soulsync.com.mx\/en\/wp-json\/wp\/v2\/pages\/659","targetHints":{"allow":["GET"]}}],"collection":[{"href":"https:\/\/soulsync.com.mx\/en\/wp-json\/wp\/v2\/pages"}],"about":[{"href":"https:\/\/soulsync.com.mx\/en\/wp-json\/wp\/v2\/types\/page"}],"author":[{"embeddable":true,"href":"https:\/\/soulsync.com.mx\/en\/wp-json\/wp\/v2\/users\/1"}],"replies":[{"embeddable":true,"href":"https:\/\/soulsync.com.mx\/en\/wp-json\/wp\/v2\/comments?post=659"}],"version-history":[{"count":8,"href":"https:\/\/soulsync.com.mx\/en\/wp-json\/wp\/v2\/pages\/659\/revisions"}],"predecessor-version":[{"id":3843,"href":"https:\/\/soulsync.com.mx\/en\/wp-json\/wp\/v2\/pages\/659\/revisions\/3843"}],"wp:featuredmedia":[{"embeddable":true,"href":"https:\/\/soulsync.com.mx\/en\/wp-json\/wp\/v2\/media\/1575"}],"wp:attachment":[{"href":"https:\/\/soulsync.com.mx\/en\/wp-json\/wp\/v2\/media?parent=659"}],"curies":[{"name":"wp","href":"https:\/\/api.w.org\/{rel}","templated":true}]}}