{"id":748,"date":"2019-03-08T22:52:51","date_gmt":"2019-03-08T22:52:51","guid":{"rendered":"https:\/\/soulsync.com.mx\/?page_id=748"},"modified":"2026-04-09T18:10:15","modified_gmt":"2026-04-09T18:10:15","slug":"respiracion-sincronica","status":"publish","type":"page","link":"https:\/\/soulsync.com.mx\/en\/respiracion-sincronica\/","title":{"rendered":"Synchronous Breathing"},"content":{"rendered":"<h2>\n\t\t\tSynchronous Breathing\t<\/h2>\n\t\t\t\t\t\t\t\t\t<img loading=\"lazy\" decoding=\"async\" src=\"https:\/\/soulsync.com.mx\/wp-content\/uploads\/bb-plugin\/cache\/Hunab-Respiracion-Sincronica-Soul-Sync-1024x1024-circle.jpg\" alt=\"Respiracio\u0301n Sincro\u0301nica\" itemprop=\"image\" height=\"1024\" width=\"1024\" title=\"Hunab Synchronous Breathing Soul Sync\" onerror=\"this.style.display='none'\"  \/>\n\t\t<h2>\n\t\t\tBio-Feedback\n\t\t<\/h2>\n\t\t\t<p>In <strong>Soul Sync\u00ae<\/strong>\u00a0we developed a technique of <strong>mindfulness meditation<\/strong> where the <strong>focus<\/strong> goes to the <strong>synchronization<\/strong> of the systems that regulate the human body, specifically the heart rate and the respiratory system. We have developed a unique concept, in which through<strong> sync codes\u00a0<\/strong>(patterns of specific counts stimulated by the heartbeat) we can reach states of increased consciousness in a natural way.<\/p>\t\t\n\t\t\t\t\t\t<img decoding=\"async\" src=\"https:\/\/soulsync.com.mx\/wp-content\/uploads\/2018\/11\/Soul-Sync_Sello-Color-2.png\" alt=\"Soul Sync Logo Sello\" \/>\n\t<blockquote><p>Thus, two of the most important organs of our body (the <strong>brain<\/strong> and the <strong>heart<\/strong>) begin to work together <strong>aware<\/strong>, establishing a new communication channel that will potentially benefit the <strong>cellular oxygenation<\/strong> and the\u00a0<strong>use of energy<\/strong>.<\/p>\n<p>We practically begin to create <strong>music<\/strong> with our body systems, being the rhythm indicated by the cardiac pulse, and the melody by our own breath.<\/p><\/blockquote>\n\t<strong>Duration: 1-3 hours.<\/strong><strong><br \/>\n<\/strong>\n\t\t\t<a href=\"http:\/\/wa.link\/pnmrde\"  target=\"_self\">\n\t\t\t\t\t\tCheck prices and schedule a session\n\t\t\t\t\t<\/a>\n\tSoul Sync\u00ae integrates into your experiences <strong>Neurosciences<\/strong>, <strong>Transpersonal Psychology and<\/strong>\u00a0<strong>Music<\/strong>.<br \/>\nIn all our experiences we use <strong>specialized devices<\/strong> as the main tool to listen to our own hearts and immerse ourselves in a <strong>natural immersive experience<\/strong>.\n\t\t<h3>\n\t\t\tYou will experience:\n\t\t<\/h3>\n\t\t<h3>\n\t\t\tInner Immersion\n\t\t<\/h3>\n\t\t\tA real auditory connection with your own pulse, activating a state of self-regulation and deep security.\t\t\n\t\t<h3>\n\t\t\tAbsolute Presence\n\t\t<\/h3>\n\t\t\t<p>Where attention integrates thinking and feeling, facilitating deep and conscious contemplation.<\/p>\t\t\n\t\t<h3>\n\t\t\tMusic &amp; Frequencies\n\t\t<\/h3>\n\t\t\t<p>The fusion of your heartbeats with live instruments and frequencies designed to harmonize your heart and brain rhythm.<\/p>\t\t\n<form action=\"\">\n\t<input type=\"hidden\" name=\"fl-layout-id\" value=\"748\" \/>\n\t    \t<h3>Have you already lived it?<\/h3>\n\t\t\t\t<p>Share your experience with us so that we can advance our research. Your testimony is essential to improve the technique and make Beat Healing known throughout the world.<\/p>\n    \t\t<label for=\"pp-name-\">Name<\/label>\n    \t\tPlease enter your name.\n    \t\t<input type=\"text\" name=\"pp-name\" id=\"pp-name-\" value=\"\" placeholder=\"Name\"  \/>\n    \t\t<label for=\"pp-email-\">E-mail<\/label>\n    \t\tPlease enter a valid email address.\n    \t\t<input type=\"email\" name=\"pp-email\" id=\"pp-email-\" value=\"\" placeholder=\"E-mail\"  \/>\n    \t\t<label for=\"pp-message-\">Your experience<\/label>\n    \t\tPlease type your message.\n    \t\t<textarea name=\"pp-message\" id=\"pp-message-\" placeholder=\"Your experience\"><\/textarea>\n    \t<a href=\"#\" target=\"_self\" role=\"button\">\n    \t\t    \t\t    \t\tSend Testimonial\n    \t\t    \t<\/a>\n\t\t\tMessage Sent! Message failed. Please try again.\n<input type=\"hidden\" name=\"trp-form-language\" value=\"en\"\/><\/form>\n\t\t\t<a href=\"https:\/\/soulsync.com.mx\/en\/contacto\/\"  target=\"_self\">\n\t\t\t\t\t\tCheck the prices of this experience\n\t\t\t\t\t<\/a>\n\t\t\t<a href=\"https:\/\/soulsync.com.mx\/en\/testimonios\/\"  target=\"_self\">\n\t\t\t\t\t\tAll Testimonials\n\t\t\t\t\t<\/a>\n<figure itemscope itemtype=\"https:\/\/schema.org\/ImageObject\">\n\t\t\t\t<a href=\"http:\/\/www.soulsync.com\"  target=\"_self\" itemprop=\"url\">\n\t\t\t\t<img decoding=\"async\" src=\"https:\/\/soulsync.com.mx\/wp-content\/uploads\/2019\/07\/SS_Logo_Blanco.png\" alt=\"Soul Sync Logo White\" height=\"152\" width=\"500\" title=\"SS_Logo_Blanco\" onerror=\"this.style.display='none'\" loading=\"lazy\" \/>\n\t\t\t\t<\/a>\n\t<\/figure>\n\tOur <strong>mission<\/strong> it is to help that the whole world to listen to its own heart in an audible way. The <strong>purpose<\/strong> of Soul Sync is to facilitate this experience. We created the term<a href=\"https:\/\/soulsync.com.mx\/en\/beat-healing\/\"><strong>Beat Healing<\/strong><\/a>\u201d&quot;So that the world may hear its heart again. Soul Sync\u00ae, all rights reserved.&quot;.\n\n<h4>\n\t\t\tFollow us:\t<\/h4>\n\t\t<link itemprop=\"url\" href=\"https:\/\/soulsync.com.mx\"\/>\n\t\t<a itemprop=\"sameAs\" href=\"https:\/\/www.instagram.com\/soulsync.beathealing\" target=\"_blank\" title=\"Instagram\" aria-label=\"Instagram\" role=\"button\" rel=\"noopener noreferrer external\">\n\t\t\t\t\t<\/a>\n<h4>\n\t\t\tFeatured Links:\t<\/h4>\n\t<p><a href=\"https:\/\/soulsync.com.mx\/en\/contacto\/\">\u00b7 Contact<\/a><\/p>\n<p><a href=\"https:\/\/soulsync.com.mx\/en\/interocepcion-autodescubrimiento\/\">\u00b7 Interoception<\/a><\/p>\n<p>\u00b7<a href=\"https:\/\/soulsync.com.mx\/en\/articulos\/\"> Blog<\/a><\/p>\n<p><a href=\"http:\/\/www.mayansolutions.com\/en\">\u00b7 Mayan Solutions<\/a><\/p>\n<p><a href=\"https:\/\/inmer-siva.com\/\">\u00b7 IMMERSIVE<\/a><\/p>\n<p><a href=\"http:\/\/www.nahuayoga.com\">\u00b7 Nahua Yoga<\/a><\/p>\n<p><a href=\"https:\/\/www.heartmath.org\/\">\u00b7 HeartMath Institute<\/a><\/p>","protected":false},"excerpt":{"rendered":"<p>Synchronous Breathing Bio-Feedback. At Soul Sync\u00ae, we have developed a mindfulness meditation technique that focuses attention on the synchronicity of the systems that regulate the human body, specifically the heart rate and respiratory system. We have developed a unique concept in which, through synchronicity codes (specific counting patterns stimulated by\u2026<\/p>","protected":false},"author":1,"featured_media":1575,"parent":0,"menu_order":0,"comment_status":"closed","ping_status":"closed","template":"","meta":{"footnotes":""},"class_list":["post-748","page","type-page","status-publish","has-post-thumbnail","hentry"],"yoast_head":"<!-- This site is optimized with the Yoast SEO plugin v27.1.1 - https:\/\/yoast.com\/product\/yoast-seo-wordpress\/ -->\n<title>Respiraci\u00f3n Sincr\u00f3nica - Soul Sync\u00ae<\/title>\n<meta name=\"robots\" content=\"index, follow, max-snippet:-1, max-image-preview:large, max-video-preview:-1\" \/>\n<link rel=\"canonical\" href=\"https:\/\/soulsync.com.mx\/en\/respiracion-sincronica\/\" \/>\n<meta property=\"og:locale\" content=\"en_US\" \/>\n<meta property=\"og:type\" content=\"article\" \/>\n<meta property=\"og:title\" content=\"Respiraci\u00f3n Sincr\u00f3nica - Soul Sync\u00ae\" \/>\n<meta property=\"og:description\" content=\"Respiraci\u00f3n Sincr\u00f3nica Bio-Feedback En Soul\u00a0Sync\u00ae\u00a0desarrollamos una t\u00e9cnica de meditaci\u00f3n mindfulness en la que la atenci\u00f3n se dirige a la sincron\u00eda de los sistemas que regulan el cuerpo humano, espec\u00edficamente el ritmo cardiaco y el sistema respiratorio.Hemos desarrollado un concepto \u00fanico, en el que a trav\u00e9s de c\u00f3digos de sincron\u00eda\u00a0(pautas de cuentas espec\u00edficas estimuladas por los&hellip;\" \/>\n<meta property=\"og:url\" content=\"https:\/\/soulsync.com.mx\/en\/respiracion-sincronica\/\" \/>\n<meta property=\"og:site_name\" content=\"Soul Sync\u00ae\" \/>\n<meta property=\"article:publisher\" content=\"https:\/\/www.facebook.com\/SoulSyncMX\" \/>\n<meta property=\"article:modified_time\" content=\"2026-04-09T18:10:15+00:00\" \/>\n<meta property=\"og:image\" content=\"https:\/\/soulsync.com.mx\/wp-content\/uploads\/2019\/12\/SS_PP2020_alt.png\" \/>\n\t<meta property=\"og:image:width\" content=\"1080\" \/>\n\t<meta property=\"og:image:height\" content=\"1080\" \/>\n\t<meta property=\"og:image:type\" content=\"image\/png\" \/>\n<meta name=\"twitter:card\" content=\"summary_large_image\" \/>\n<meta name=\"twitter:label1\" content=\"Est. reading time\" \/>\n\t<meta name=\"twitter:data1\" content=\"2 minutes\" \/>\n<script type=\"application\/ld+json\" class=\"yoast-schema-graph\">{\"@context\":\"https:\/\/schema.org\",\"@graph\":[{\"@type\":\"WebPage\",\"@id\":\"https:\/\/soulsync.com.mx\/respiracion-sincronica\/\",\"url\":\"https:\/\/soulsync.com.mx\/respiracion-sincronica\/\",\"name\":\"Respiraci\u00f3n Sincr\u00f3nica - Soul Sync\u00ae\",\"isPartOf\":{\"@id\":\"https:\/\/soulsync.com.mx\/#website\"},\"primaryImageOfPage\":{\"@id\":\"https:\/\/soulsync.com.mx\/respiracion-sincronica\/#primaryimage\"},\"image\":{\"@id\":\"https:\/\/soulsync.com.mx\/respiracion-sincronica\/#primaryimage\"},\"thumbnailUrl\":\"https:\/\/soulsync.com.mx\/wp-content\/uploads\/2019\/12\/SS_PP2020_alt.png\",\"datePublished\":\"2019-03-08T22:52:51+00:00\",\"dateModified\":\"2026-04-09T18:10:15+00:00\",\"breadcrumb\":{\"@id\":\"https:\/\/soulsync.com.mx\/respiracion-sincronica\/#breadcrumb\"},\"inLanguage\":\"en-US\",\"potentialAction\":[{\"@type\":\"ReadAction\",\"target\":[\"https:\/\/soulsync.com.mx\/respiracion-sincronica\/\"]}]},{\"@type\":\"ImageObject\",\"inLanguage\":\"en-US\",\"@id\":\"https:\/\/soulsync.com.mx\/respiracion-sincronica\/#primaryimage\",\"url\":\"https:\/\/soulsync.com.mx\/wp-content\/uploads\/2019\/12\/SS_PP2020_alt.png\",\"contentUrl\":\"https:\/\/soulsync.com.mx\/wp-content\/uploads\/2019\/12\/SS_PP2020_alt.png\",\"width\":1080,\"height\":1080,\"caption\":\"Soul Sync Meditacion\"},{\"@type\":\"BreadcrumbList\",\"@id\":\"https:\/\/soulsync.com.mx\/respiracion-sincronica\/#breadcrumb\",\"itemListElement\":[{\"@type\":\"ListItem\",\"position\":1,\"name\":\"Portada\",\"item\":\"https:\/\/soulsync.com.mx\/\"},{\"@type\":\"ListItem\",\"position\":2,\"name\":\"Respiraci\u00f3n Sincr\u00f3nica\"}]},{\"@type\":\"WebSite\",\"@id\":\"https:\/\/soulsync.com.mx\/#website\",\"url\":\"https:\/\/soulsync.com.mx\/\",\"name\":\"Soul Sync\u00ae\",\"description\":\"Escucha tu Coraz\u00f3n\",\"publisher\":{\"@id\":\"https:\/\/soulsync.com.mx\/#organization\"},\"potentialAction\":[{\"@type\":\"SearchAction\",\"target\":{\"@type\":\"EntryPoint\",\"urlTemplate\":\"https:\/\/soulsync.com.mx\/?s={search_term_string}\"},\"query-input\":{\"@type\":\"PropertyValueSpecification\",\"valueRequired\":true,\"valueName\":\"search_term_string\"}}],\"inLanguage\":\"en-US\"},{\"@type\":\"Organization\",\"@id\":\"https:\/\/soulsync.com.mx\/#organization\",\"name\":\"Soul Sync\",\"url\":\"https:\/\/soulsync.com.mx\/\",\"logo\":{\"@type\":\"ImageObject\",\"inLanguage\":\"en-US\",\"@id\":\"https:\/\/soulsync.com.mx\/#\/schema\/logo\/image\/\",\"url\":\"https:\/\/soulsync.com.mx\/wp-content\/uploads\/2018\/11\/cropped-Soul-Sync_Sello-Blanco-1.png\",\"contentUrl\":\"https:\/\/soulsync.com.mx\/wp-content\/uploads\/2018\/11\/cropped-Soul-Sync_Sello-Blanco-1.png\",\"width\":512,\"height\":512,\"caption\":\"Soul Sync\"},\"image\":{\"@id\":\"https:\/\/soulsync.com.mx\/#\/schema\/logo\/image\/\"},\"sameAs\":[\"https:\/\/www.facebook.com\/SoulSyncMX\",\"https:\/\/www.youtube.com\/channel\/UC__EWDK7LE43d558-w28yFA\",\"https:\/\/www.facebook.com\/soulsync.beathealing\"]}]}<\/script>\n<!-- \/ Yoast SEO plugin. -->","yoast_head_json":{"title":"Synchronous Breathing - Soul Sync\u00ae","robots":{"index":"index","follow":"follow","max-snippet":"max-snippet:-1","max-image-preview":"max-image-preview:large","max-video-preview":"max-video-preview:-1"},"canonical":"https:\/\/soulsync.com.mx\/en\/respiracion-sincronica\/","og_locale":"en_US","og_type":"article","og_title":"Respiraci\u00f3n Sincr\u00f3nica - Soul Sync\u00ae","og_description":"Respiraci\u00f3n Sincr\u00f3nica Bio-Feedback En Soul\u00a0Sync\u00ae\u00a0desarrollamos una t\u00e9cnica de meditaci\u00f3n mindfulness en la que la atenci\u00f3n se dirige a la sincron\u00eda de los sistemas que regulan el cuerpo humano, espec\u00edficamente el ritmo cardiaco y el sistema respiratorio.Hemos desarrollado un concepto \u00fanico, en el que a trav\u00e9s de c\u00f3digos de sincron\u00eda\u00a0(pautas de cuentas espec\u00edficas estimuladas por los&hellip;","og_url":"https:\/\/soulsync.com.mx\/en\/respiracion-sincronica\/","og_site_name":"Soul Sync\u00ae","article_publisher":"https:\/\/www.facebook.com\/SoulSyncMX","article_modified_time":"2026-04-09T18:10:15+00:00","og_image":[{"width":1080,"height":1080,"url":"https:\/\/soulsync.com.mx\/wp-content\/uploads\/2019\/12\/SS_PP2020_alt.png","type":"image\/png"}],"twitter_card":"summary_large_image","twitter_misc":{"Est. reading time":"2 minutes"},"schema":{"@context":"https:\/\/schema.org","@graph":[{"@type":"WebPage","@id":"https:\/\/soulsync.com.mx\/respiracion-sincronica\/","url":"https:\/\/soulsync.com.mx\/respiracion-sincronica\/","name":"Synchronous Breathing - Soul Sync\u00ae","isPartOf":{"@id":"https:\/\/soulsync.com.mx\/#website"},"primaryImageOfPage":{"@id":"https:\/\/soulsync.com.mx\/respiracion-sincronica\/#primaryimage"},"image":{"@id":"https:\/\/soulsync.com.mx\/respiracion-sincronica\/#primaryimage"},"thumbnailUrl":"https:\/\/soulsync.com.mx\/wp-content\/uploads\/2019\/12\/SS_PP2020_alt.png","datePublished":"2019-03-08T22:52:51+00:00","dateModified":"2026-04-09T18:10:15+00:00","breadcrumb":{"@id":"https:\/\/soulsync.com.mx\/respiracion-sincronica\/#breadcrumb"},"inLanguage":"en-US","potentialAction":[{"@type":"ReadAction","target":["https:\/\/soulsync.com.mx\/respiracion-sincronica\/"]}]},{"@type":"ImageObject","inLanguage":"en-US","@id":"https:\/\/soulsync.com.mx\/respiracion-sincronica\/#primaryimage","url":"https:\/\/soulsync.com.mx\/wp-content\/uploads\/2019\/12\/SS_PP2020_alt.png","contentUrl":"https:\/\/soulsync.com.mx\/wp-content\/uploads\/2019\/12\/SS_PP2020_alt.png","width":1080,"height":1080,"caption":"Soul Sync Meditacion"},{"@type":"BreadcrumbList","@id":"https:\/\/soulsync.com.mx\/respiracion-sincronica\/#breadcrumb","itemListElement":[{"@type":"ListItem","position":1,"name":"Portada","item":"https:\/\/soulsync.com.mx\/"},{"@type":"ListItem","position":2,"name":"Respiraci\u00f3n Sincr\u00f3nica"}]},{"@type":"WebSite","@id":"https:\/\/soulsync.com.mx\/#website","url":"https:\/\/soulsync.com.mx\/","name":"Soul Sync\u00ae","description":"Listen to your heart","publisher":{"@id":"https:\/\/soulsync.com.mx\/#organization"},"potentialAction":[{"@type":"SearchAction","target":{"@type":"EntryPoint","urlTemplate":"https:\/\/soulsync.com.mx\/?s={search_term_string}"},"query-input":{"@type":"PropertyValueSpecification","valueRequired":true,"valueName":"search_term_string"}}],"inLanguage":"en-US"},{"@type":"Organization","@id":"https:\/\/soulsync.com.mx\/#organization","name":"Soul Sync","url":"https:\/\/soulsync.com.mx\/","logo":{"@type":"ImageObject","inLanguage":"en-US","@id":"https:\/\/soulsync.com.mx\/#\/schema\/logo\/image\/","url":"https:\/\/soulsync.com.mx\/wp-content\/uploads\/2018\/11\/cropped-Soul-Sync_Sello-Blanco-1.png","contentUrl":"https:\/\/soulsync.com.mx\/wp-content\/uploads\/2018\/11\/cropped-Soul-Sync_Sello-Blanco-1.png","width":512,"height":512,"caption":"Soul Sync"},"image":{"@id":"https:\/\/soulsync.com.mx\/#\/schema\/logo\/image\/"},"sameAs":["https:\/\/www.facebook.com\/SoulSyncMX","https:\/\/www.youtube.com\/channel\/UC__EWDK7LE43d558-w28yFA","https:\/\/www.facebook.com\/soulsync.beathealing"]}]}},"_links":{"self":[{"href":"https:\/\/soulsync.com.mx\/en\/wp-json\/wp\/v2\/pages\/748","targetHints":{"allow":["GET"]}}],"collection":[{"href":"https:\/\/soulsync.com.mx\/en\/wp-json\/wp\/v2\/pages"}],"about":[{"href":"https:\/\/soulsync.com.mx\/en\/wp-json\/wp\/v2\/types\/page"}],"author":[{"embeddable":true,"href":"https:\/\/soulsync.com.mx\/en\/wp-json\/wp\/v2\/users\/1"}],"replies":[{"embeddable":true,"href":"https:\/\/soulsync.com.mx\/en\/wp-json\/wp\/v2\/comments?post=748"}],"version-history":[{"count":11,"href":"https:\/\/soulsync.com.mx\/en\/wp-json\/wp\/v2\/pages\/748\/revisions"}],"predecessor-version":[{"id":3838,"href":"https:\/\/soulsync.com.mx\/en\/wp-json\/wp\/v2\/pages\/748\/revisions\/3838"}],"wp:featuredmedia":[{"embeddable":true,"href":"https:\/\/soulsync.com.mx\/en\/wp-json\/wp\/v2\/media\/1575"}],"wp:attachment":[{"href":"https:\/\/soulsync.com.mx\/en\/wp-json\/wp\/v2\/media?parent=748"}],"curies":[{"name":"wp","href":"https:\/\/api.w.org\/{rel}","templated":true}]}}