{"id":751,"date":"2019-03-08T22:53:53","date_gmt":"2019-03-08T22:53:53","guid":{"rendered":"https:\/\/soulsync.com.mx\/?page_id=751"},"modified":"2026-04-09T17:54:37","modified_gmt":"2026-04-09T17:54:37","slug":"beat-healing","status":"publish","type":"page","link":"https:\/\/soulsync.com.mx\/en\/beat-healing\/","title":{"rendered":"Beat Healing"},"content":{"rendered":"<h2>\n\t\t\tBeat-Healing\t<\/h2>\n<h3  data-animation-delay=\"0.0\" data-animation-duration=\"1\">\n\t\t\tAn encounter with yourself through the sound of your heart.\t<\/h3>\n\t\t\t\t\t\t\t\t\t<img loading=\"lazy\" decoding=\"async\" src=\"https:\/\/soulsync.com.mx\/wp-content\/uploads\/bb-plugin\/cache\/Soul-Sync-2-1024x682-panorama.jpeg\" alt=\"Soul Sync 2\" itemprop=\"image\" height=\"682\" width=\"1024\" title=\"Soul Sync 2\" onerror=\"this.style.display='none'\"  \/>\n\t\t\t\t\t\t\t\t\t<img loading=\"lazy\" decoding=\"async\" src=\"https:\/\/soulsync.com.mx\/wp-content\/uploads\/bb-plugin\/cache\/Soul-Sync-4-edited-1024x577-panorama.jpeg\" alt=\"Beat Healing Soul Sync\" itemprop=\"image\" height=\"577\" width=\"1024\" title=\"Soul Sync 4\" onerror=\"this.style.display='none'\"  \/>\n\t\t\t\t\t\t\t\t\t<img loading=\"lazy\" decoding=\"async\" src=\"https:\/\/soulsync.com.mx\/wp-content\/uploads\/bb-plugin\/cache\/Soul-Sync-8-edited-1024x577-panorama.jpg\" alt=\"Soul Sync 8\" itemprop=\"image\" height=\"577\" width=\"1024\" title=\"Soul Sync 8\" onerror=\"this.style.display='none'\"  \/>\n\t\t<h3>\n\t\t\t\u201cThe science of listening to your own heart.\u201d.\n\t\t<\/h3>\n\t\t\t<p>\u2013 Amaya Hunab<\/p>\t\t\n\t<p><strong>Beat Healing is a therapeutic technology that uses the sound of one&#039;s own heartbeat for self-regulation, well-being, and expanding consciousness.<\/strong><\/p>\n<p>It is achieved through the use of <strong>specialized devices<\/strong> Listen to the rhythm of your heart accompanied by specially designed vibrational music that harmonizes with your heartbeat. This synchronization of sounds stimulates the body&#039;s natural healing mechanisms and induces a state of deep relaxation in which you fully experience <strong>coherence between mind, heart and body.<\/strong><\/p>\n\t\t\t\t\t\t\t\t\t<img loading=\"lazy\" decoding=\"async\" src=\"https:\/\/soulsync.com.mx\/wp-content\/uploads\/bb-plugin\/cache\/Soul-Sync-Amaya-Hunab-Listens-circle.jpg\" alt=\"Soul Sync Amaya Hunab Listens\" itemprop=\"image\" height=\"704\" width=\"704\" title=\"Soul Sync Amaya Hunab Listens\" onerror=\"this.style.display='none'\"  \/>\n\t\t<h3>\n\t\t\t\u201cSynchronize with your pulse and transform your biological state\u201d\n\t\t<\/h3>\n\t<p><strong>Listening to your heart is the purest form of biofeedback.<\/strong>. By tuning into your natural rhythm, you generate a biological synchronization that calms the mind, elevates perception, and returns you to a state of deep presence and natural healing.<\/p>\n\t\t<h3>\n\t\t\tIn each encounter, the sound of your heart becomes the guide on a journey into your inner self.\n\t\t<\/h3>\n\t\t<h3>\n\t\t\tYou will experience:\n\t\t<\/h3>\n\t\t<h3>\n\t\t\tInner Immersion\n\t\t<\/h3>\n\t\t\tA real auditory connection with your own pulse, activating a state of self-regulation and deep security.\t\t\n\t\t<h3>\n\t\t\tAbsolute Presence\n\t\t<\/h3>\n\t\t\t<p>Where attention integrates thinking and feeling, facilitating deep and conscious contemplation.<\/p>\t\t\n\t\t<h3>\n\t\t\tMusic &amp; Frequencies\n\t\t<\/h3>\n\t\t\t<p>The fusion of your heartbeats with live instruments and frequencies designed to harmonize your heart and brain rhythm.<\/p>\t\t\n<h3>\n\t\t\tIdeal to experience:\t<\/h3>\n\t\t\t\t\t\t\t\t\t<img loading=\"lazy\" decoding=\"async\" src=\"https:\/\/soulsync.com.mx\/wp-content\/uploads\/bb-plugin\/cache\/Personal-1024x683-landscape.jpg\" alt=\"Soul Sync Personal\" itemprop=\"image\" height=\"683\" width=\"1024\" title=\"Soul Sync Personal\" onerror=\"this.style.display='none'\"  \/>\n\t<h3>In Private<\/h3>\n<p>Use the Soul Sync\u00ae technique to enhance your self-discovery and personal growth.<\/p>\n\t\t\t\t\t\t\t\t\t<img loading=\"lazy\" decoding=\"async\" src=\"https:\/\/soulsync.com.mx\/wp-content\/uploads\/bb-plugin\/cache\/Parejas2-1024x681-landscape.jpg\" alt=\"Soul Sync Parejas\" itemprop=\"image\" height=\"681\" width=\"1024\" title=\"Soul Sync Couple\" onerror=\"this.style.display='none'\"  \/>\n\t<h3>In Couple<\/h3>\n<p>Soul Sync\u00ae a very powerful tool to strengthen bonds in love. Synchronize in depth with your partner like never before.<\/p>\n\t\t\t\t\t\t\t\t\t<img loading=\"lazy\" decoding=\"async\" src=\"https:\/\/soulsync.com.mx\/wp-content\/uploads\/bb-plugin\/cache\/Familia-1024x683-landscape.jpg\" alt=\"Soul Sync Familia\" itemprop=\"image\" height=\"683\" width=\"1024\" title=\"Soul Sync Family\" onerror=\"this.style.display='none'\"  \/>\n\t<h3>In Family<\/h3>\n<p>Experience Soul Sync\u00ae to improve all your relationships and get closer to your family. To know you better is to know others better.<\/p>\n\t\t\t\t\t\t\t\t\t<img loading=\"lazy\" decoding=\"async\" src=\"https:\/\/soulsync.com.mx\/wp-content\/uploads\/bb-plugin\/cache\/Grupo-Soul-Sync-2-e1772761248363-panorama.jpeg\" alt=\"Grupo - Soul Sync 2\" itemprop=\"image\" height=\"632\" width=\"1264\" title=\"Group - Soul Sync 2\" onerror=\"this.style.display='none'\"  \/>\n\t<h3>In Groups<\/h3>\n<p>Soul Sync\u00ae brings an experience of human interconnectivity and group cohesion to various fields.<\/p>\n\t\t\t\t\t\t\t\t\t<img loading=\"lazy\" decoding=\"async\" src=\"https:\/\/soulsync.com.mx\/wp-content\/uploads\/bb-plugin\/cache\/Retiros-Soul-Sync-e1772761535166-1024x512-panorama.jpeg\" alt=\"Retiros Soul Sync\" itemprop=\"image\" height=\"512\" width=\"1024\" title=\"Soul Sync Retreats\" onerror=\"this.style.display='none'\"  \/>\n\t<h3>In Retreats<\/h3>\n<p>A guided Soul Sync\u00ae experience at retreats can be a significant moment of self-discovery or integration.<\/p>\n<h2 data-path-to-node=\"3\">Benefits<\/h2>\n<p><b>\u2022 Regulation of the Nervous System:<\/b> Listening to your heart instantly reduces stress and cortisol levels; the best \u201cBio-Feedback\u201d available.<\/p>\n<p><b data-path-to-node=\"5,0,0\" data-index-in-node=\"0\">\u00b7 <\/b><b>Mental Clarity and Focus:<\/b> By achieving heart coherence (through breathing and sound), mental noise fades away.<\/p>\n<p><b>\u2022 Emotional Balance:<\/b> By synchronizing with yourself, you generate a state of peace that allows you to process emotions with greater serenity.<\/p>\n<b data-path-to-node=\"5,0,0\" data-index-in-node=\"0\">\u2022 Physical Wellbeing: A practice that improves sleep quality and strengthens your immune system by reducing body tension.<\/b>\n\tBASED ON:\n<h3  data-animation-delay=\"0.0\" data-animation-duration=\"1\">\n\t\t\tNeurosciences\t<\/h3>\n<h3  data-animation-delay=\"0.0\" data-animation-duration=\"1\">\n\t\t\tTranspersonal Psychology\t<\/h3>\n<h3  data-animation-delay=\"0.0\" data-animation-duration=\"1\">\n\t\t\tSound Healing\t<\/h3>\n<h2>\n\t\t\tExperience Beat Healing in our experiences:\t<\/h2>\n\t\t\t<a href=\"https:\/\/soulsync.com.mx\/en\/experiencias\/\"  target=\"_self\">\n\t\t\t\t\t\tView Experiences\n\t\t\t\t\t<\/a>\n\t\t\t\t\t\t<img decoding=\"async\" src=\"https:\/\/soulsync.com.mx\/wp-content\/uploads\/2018\/11\/Soul-Sync_Sello-Color-2.png\" alt=\"Soul Sync Logo Sello\" \/>\n<form action=\"\">\n\t<input type=\"hidden\" name=\"fl-layout-id\" value=\"751\" \/>\n\t    \t<h3>Have you already lived it?<\/h3>\n\t\t\t\t<p>Share your experience with us so that we can advance our research. Your testimony is essential to improve the technique and make Beat Healing known throughout the world.<\/p>\n    \t\t<label for=\"pp-name-\">Name<\/label>\n    \t\tPlease enter your name.\n    \t\t<input type=\"text\" name=\"pp-name\" id=\"pp-name-\" value=\"\" placeholder=\"Name\"  \/>\n    \t\t<label for=\"pp-email-\">E-mail<\/label>\n    \t\tPlease enter a valid email address.\n    \t\t<input type=\"email\" name=\"pp-email\" id=\"pp-email-\" value=\"\" placeholder=\"E-mail\"  \/>\n    \t\t<label for=\"pp-message-\">Your experience<\/label>\n    \t\tPlease type your message.\n    \t\t<textarea name=\"pp-message\" id=\"pp-message-\" placeholder=\"Your experience\"><\/textarea>\n    \t<a href=\"#\" target=\"_self\" role=\"button\">\n    \t\t    \t\t    \t\tSend Testimonial\n    \t\t    \t<\/a>\n\t\t\tMessage Sent! Message failed. Please try again.\n<input type=\"hidden\" name=\"trp-form-language\" value=\"en\"\/><\/form>\n\t\t\t<a href=\"https:\/\/soulsync.com.mx\/en\/contacto\/\"  target=\"_self\">\n\t\t\t\t\t\tCheck the prices of this experience\n\t\t\t\t\t<\/a>\n\t\t\t<a href=\"https:\/\/soulsync.com.mx\/en\/testimonios\/\"  target=\"_self\">\n\t\t\t\t\t\tAll Testimonials\n\t\t\t\t\t<\/a>\n<figure itemscope itemtype=\"https:\/\/schema.org\/ImageObject\">\n\t\t\t\t<a href=\"http:\/\/www.soulsync.com\"  target=\"_self\" itemprop=\"url\">\n\t\t\t\t<img decoding=\"async\" src=\"https:\/\/soulsync.com.mx\/wp-content\/uploads\/2019\/07\/SS_Logo_Blanco.png\" alt=\"Soul Sync Logo White\" height=\"152\" width=\"500\" title=\"SS_Logo_Blanco\" onerror=\"this.style.display='none'\" loading=\"lazy\" \/>\n\t\t\t\t<\/a>\n\t<\/figure>\n\tOur <strong>mission<\/strong> it is to help that the whole world to listen to its own heart in an audible way. The <strong>purpose<\/strong> of Soul Sync is to facilitate this experience. We created the term<a href=\"https:\/\/soulsync.com.mx\/en\/beat-healing\/\"><strong>Beat Healing<\/strong><\/a>\u201d&quot;So that the world may hear its heart again. Soul Sync\u00ae, all rights reserved.&quot;.\n\n<h4>\n\t\t\tFollow us:\t<\/h4>\n\t\t<link itemprop=\"url\" href=\"https:\/\/soulsync.com.mx\"\/>\n\t\t<a itemprop=\"sameAs\" href=\"https:\/\/www.instagram.com\/soulsync.beathealing\" target=\"_blank\" title=\"Instagram\" aria-label=\"Instagram\" role=\"button\" rel=\"noopener noreferrer external\">\n\t\t\t\t\t<\/a>\n<h4>\n\t\t\tFeatured Links:\t<\/h4>\n\t<p><a href=\"https:\/\/soulsync.com.mx\/en\/contacto\/\">\u00b7 Contact<\/a><\/p>\n<p><a href=\"https:\/\/soulsync.com.mx\/en\/interocepcion-autodescubrimiento\/\">\u00b7 Interoception<\/a><\/p>\n<p>\u00b7<a href=\"https:\/\/soulsync.com.mx\/en\/articulos\/\"> Blog<\/a><\/p>\n<p><a href=\"http:\/\/www.mayansolutions.com\/en\">\u00b7 Mayan Solutions<\/a><\/p>\n<p><a href=\"https:\/\/inmer-siva.com\/\">\u00b7 IMMERSIVE<\/a><\/p>\n<p><a href=\"http:\/\/www.nahuayoga.com\">\u00b7 Nahua Yoga<\/a><\/p>\n<p><a href=\"https:\/\/www.heartmath.org\/\">\u00b7 HeartMath Institute<\/a><\/p>","protected":false},"excerpt":{"rendered":"<p>Beat Healing: An encounter with yourself through the sound of your heart. \u201cThe science of listening to your own heart.\u201d \u2013 Amaya Hunab. Beat Healing is a therapeutic technology that uses the sound of your own heartbeat for self-regulation, well-being, and expanded consciousness. It is achieved through the use of devices\u2026<\/p>","protected":false},"author":1,"featured_media":3564,"parent":0,"menu_order":0,"comment_status":"closed","ping_status":"closed","template":"","meta":{"footnotes":""},"class_list":["post-751","page","type-page","status-publish","has-post-thumbnail","hentry"],"yoast_head":"<!-- This site is optimized with the Yoast SEO plugin v27.1.1 - https:\/\/yoast.com\/product\/yoast-seo-wordpress\/ -->\n<title>Beat Healing - Soul Sync\u00ae<\/title>\n<meta name=\"robots\" content=\"index, follow, max-snippet:-1, max-image-preview:large, max-video-preview:-1\" \/>\n<link rel=\"canonical\" href=\"https:\/\/soulsync.com.mx\/en\/beat-healing\/\" \/>\n<meta property=\"og:locale\" content=\"en_US\" \/>\n<meta property=\"og:type\" content=\"article\" \/>\n<meta property=\"og:title\" content=\"Beat Healing - Soul Sync\u00ae\" \/>\n<meta property=\"og:description\" content=\"Beat-Healing Un encuentro contigo mismo a trav\u00e9s del sonido de tu coraz\u00f3n. &#8220;La ciencia de escuchar tu propio coraz\u00f3n&#8221;. &#8211; Amaya Hunab El Beat Healing es una tecnolog\u00eda terap\u00e9utica que utiliza el sonido de los propios latidos del coraz\u00f3n para la auto-regulaci\u00f3n, el bienestar y expandir la consciencia. Se logra mediante el uso de dispositivos&hellip;\" \/>\n<meta property=\"og:url\" content=\"https:\/\/soulsync.com.mx\/en\/beat-healing\/\" \/>\n<meta property=\"og:site_name\" content=\"Soul Sync\u00ae\" \/>\n<meta property=\"article:publisher\" content=\"https:\/\/www.facebook.com\/SoulSyncMX\" \/>\n<meta property=\"article:modified_time\" content=\"2026-04-09T17:54:37+00:00\" \/>\n<meta property=\"og:image\" content=\"https:\/\/soulsync.com.mx\/wp-content\/uploads\/2024\/09\/Beneficios-de-escucharse-el-corazon-Beat-Healing.jpeg\" \/>\n\t<meta property=\"og:image:width\" content=\"1280\" \/>\n\t<meta property=\"og:image:height\" content=\"853\" \/>\n\t<meta property=\"og:image:type\" content=\"image\/jpeg\" \/>\n<meta name=\"twitter:card\" content=\"summary_large_image\" \/>\n<meta name=\"twitter:label1\" content=\"Est. reading time\" \/>\n\t<meta name=\"twitter:data1\" content=\"5 minutes\" \/>\n<script type=\"application\/ld+json\" class=\"yoast-schema-graph\">{\"@context\":\"https:\/\/schema.org\",\"@graph\":[{\"@type\":\"WebPage\",\"@id\":\"https:\/\/soulsync.com.mx\/beat-healing\/\",\"url\":\"https:\/\/soulsync.com.mx\/beat-healing\/\",\"name\":\"Beat Healing - Soul Sync\u00ae\",\"isPartOf\":{\"@id\":\"https:\/\/soulsync.com.mx\/#website\"},\"primaryImageOfPage\":{\"@id\":\"https:\/\/soulsync.com.mx\/beat-healing\/#primaryimage\"},\"image\":{\"@id\":\"https:\/\/soulsync.com.mx\/beat-healing\/#primaryimage\"},\"thumbnailUrl\":\"https:\/\/soulsync.com.mx\/wp-content\/uploads\/2024\/09\/Beneficios-de-escucharse-el-corazon-Beat-Healing.jpeg\",\"datePublished\":\"2019-03-08T22:53:53+00:00\",\"dateModified\":\"2026-04-09T17:54:37+00:00\",\"breadcrumb\":{\"@id\":\"https:\/\/soulsync.com.mx\/beat-healing\/#breadcrumb\"},\"inLanguage\":\"en-US\",\"potentialAction\":[{\"@type\":\"ReadAction\",\"target\":[\"https:\/\/soulsync.com.mx\/beat-healing\/\"]}]},{\"@type\":\"ImageObject\",\"inLanguage\":\"en-US\",\"@id\":\"https:\/\/soulsync.com.mx\/beat-healing\/#primaryimage\",\"url\":\"https:\/\/soulsync.com.mx\/wp-content\/uploads\/2024\/09\/Beneficios-de-escucharse-el-corazon-Beat-Healing.jpeg\",\"contentUrl\":\"https:\/\/soulsync.com.mx\/wp-content\/uploads\/2024\/09\/Beneficios-de-escucharse-el-corazon-Beat-Healing.jpeg\",\"width\":1280,\"height\":853},{\"@type\":\"BreadcrumbList\",\"@id\":\"https:\/\/soulsync.com.mx\/beat-healing\/#breadcrumb\",\"itemListElement\":[{\"@type\":\"ListItem\",\"position\":1,\"name\":\"Portada\",\"item\":\"https:\/\/soulsync.com.mx\/\"},{\"@type\":\"ListItem\",\"position\":2,\"name\":\"Beat Healing\"}]},{\"@type\":\"WebSite\",\"@id\":\"https:\/\/soulsync.com.mx\/#website\",\"url\":\"https:\/\/soulsync.com.mx\/\",\"name\":\"Soul Sync\u00ae\",\"description\":\"Escucha tu Coraz\u00f3n\",\"publisher\":{\"@id\":\"https:\/\/soulsync.com.mx\/#organization\"},\"potentialAction\":[{\"@type\":\"SearchAction\",\"target\":{\"@type\":\"EntryPoint\",\"urlTemplate\":\"https:\/\/soulsync.com.mx\/?s={search_term_string}\"},\"query-input\":{\"@type\":\"PropertyValueSpecification\",\"valueRequired\":true,\"valueName\":\"search_term_string\"}}],\"inLanguage\":\"en-US\"},{\"@type\":\"Organization\",\"@id\":\"https:\/\/soulsync.com.mx\/#organization\",\"name\":\"Soul Sync\",\"url\":\"https:\/\/soulsync.com.mx\/\",\"logo\":{\"@type\":\"ImageObject\",\"inLanguage\":\"en-US\",\"@id\":\"https:\/\/soulsync.com.mx\/#\/schema\/logo\/image\/\",\"url\":\"https:\/\/soulsync.com.mx\/wp-content\/uploads\/2018\/11\/cropped-Soul-Sync_Sello-Blanco-1.png\",\"contentUrl\":\"https:\/\/soulsync.com.mx\/wp-content\/uploads\/2018\/11\/cropped-Soul-Sync_Sello-Blanco-1.png\",\"width\":512,\"height\":512,\"caption\":\"Soul Sync\"},\"image\":{\"@id\":\"https:\/\/soulsync.com.mx\/#\/schema\/logo\/image\/\"},\"sameAs\":[\"https:\/\/www.facebook.com\/SoulSyncMX\",\"https:\/\/www.youtube.com\/channel\/UC__EWDK7LE43d558-w28yFA\",\"https:\/\/www.facebook.com\/soulsync.beathealing\"]}]}<\/script>\n<!-- \/ Yoast SEO plugin. -->","yoast_head_json":{"title":"Beat Healing - Soul Sync\u00ae","robots":{"index":"index","follow":"follow","max-snippet":"max-snippet:-1","max-image-preview":"max-image-preview:large","max-video-preview":"max-video-preview:-1"},"canonical":"https:\/\/soulsync.com.mx\/en\/beat-healing\/","og_locale":"en_US","og_type":"article","og_title":"Beat Healing - Soul Sync\u00ae","og_description":"Beat-Healing Un encuentro contigo mismo a trav\u00e9s del sonido de tu coraz\u00f3n. &#8220;La ciencia de escuchar tu propio coraz\u00f3n&#8221;. &#8211; Amaya Hunab El Beat Healing es una tecnolog\u00eda terap\u00e9utica que utiliza el sonido de los propios latidos del coraz\u00f3n para la auto-regulaci\u00f3n, el bienestar y expandir la consciencia. Se logra mediante el uso de dispositivos&hellip;","og_url":"https:\/\/soulsync.com.mx\/en\/beat-healing\/","og_site_name":"Soul Sync\u00ae","article_publisher":"https:\/\/www.facebook.com\/SoulSyncMX","article_modified_time":"2026-04-09T17:54:37+00:00","og_image":[{"width":1280,"height":853,"url":"https:\/\/soulsync.com.mx\/wp-content\/uploads\/2024\/09\/Beneficios-de-escucharse-el-corazon-Beat-Healing.jpeg","type":"image\/jpeg"}],"twitter_card":"summary_large_image","twitter_misc":{"Est. reading time":"5 minutes"},"schema":{"@context":"https:\/\/schema.org","@graph":[{"@type":"WebPage","@id":"https:\/\/soulsync.com.mx\/beat-healing\/","url":"https:\/\/soulsync.com.mx\/beat-healing\/","name":"Beat Healing - Soul Sync\u00ae","isPartOf":{"@id":"https:\/\/soulsync.com.mx\/#website"},"primaryImageOfPage":{"@id":"https:\/\/soulsync.com.mx\/beat-healing\/#primaryimage"},"image":{"@id":"https:\/\/soulsync.com.mx\/beat-healing\/#primaryimage"},"thumbnailUrl":"https:\/\/soulsync.com.mx\/wp-content\/uploads\/2024\/09\/Beneficios-de-escucharse-el-corazon-Beat-Healing.jpeg","datePublished":"2019-03-08T22:53:53+00:00","dateModified":"2026-04-09T17:54:37+00:00","breadcrumb":{"@id":"https:\/\/soulsync.com.mx\/beat-healing\/#breadcrumb"},"inLanguage":"en-US","potentialAction":[{"@type":"ReadAction","target":["https:\/\/soulsync.com.mx\/beat-healing\/"]}]},{"@type":"ImageObject","inLanguage":"en-US","@id":"https:\/\/soulsync.com.mx\/beat-healing\/#primaryimage","url":"https:\/\/soulsync.com.mx\/wp-content\/uploads\/2024\/09\/Beneficios-de-escucharse-el-corazon-Beat-Healing.jpeg","contentUrl":"https:\/\/soulsync.com.mx\/wp-content\/uploads\/2024\/09\/Beneficios-de-escucharse-el-corazon-Beat-Healing.jpeg","width":1280,"height":853},{"@type":"BreadcrumbList","@id":"https:\/\/soulsync.com.mx\/beat-healing\/#breadcrumb","itemListElement":[{"@type":"ListItem","position":1,"name":"Portada","item":"https:\/\/soulsync.com.mx\/"},{"@type":"ListItem","position":2,"name":"Beat Healing"}]},{"@type":"WebSite","@id":"https:\/\/soulsync.com.mx\/#website","url":"https:\/\/soulsync.com.mx\/","name":"Soul Sync\u00ae","description":"Listen to your heart","publisher":{"@id":"https:\/\/soulsync.com.mx\/#organization"},"potentialAction":[{"@type":"SearchAction","target":{"@type":"EntryPoint","urlTemplate":"https:\/\/soulsync.com.mx\/?s={search_term_string}"},"query-input":{"@type":"PropertyValueSpecification","valueRequired":true,"valueName":"search_term_string"}}],"inLanguage":"en-US"},{"@type":"Organization","@id":"https:\/\/soulsync.com.mx\/#organization","name":"Soul Sync","url":"https:\/\/soulsync.com.mx\/","logo":{"@type":"ImageObject","inLanguage":"en-US","@id":"https:\/\/soulsync.com.mx\/#\/schema\/logo\/image\/","url":"https:\/\/soulsync.com.mx\/wp-content\/uploads\/2018\/11\/cropped-Soul-Sync_Sello-Blanco-1.png","contentUrl":"https:\/\/soulsync.com.mx\/wp-content\/uploads\/2018\/11\/cropped-Soul-Sync_Sello-Blanco-1.png","width":512,"height":512,"caption":"Soul Sync"},"image":{"@id":"https:\/\/soulsync.com.mx\/#\/schema\/logo\/image\/"},"sameAs":["https:\/\/www.facebook.com\/SoulSyncMX","https:\/\/www.youtube.com\/channel\/UC__EWDK7LE43d558-w28yFA","https:\/\/www.facebook.com\/soulsync.beathealing"]}]}},"_links":{"self":[{"href":"https:\/\/soulsync.com.mx\/en\/wp-json\/wp\/v2\/pages\/751","targetHints":{"allow":["GET"]}}],"collection":[{"href":"https:\/\/soulsync.com.mx\/en\/wp-json\/wp\/v2\/pages"}],"about":[{"href":"https:\/\/soulsync.com.mx\/en\/wp-json\/wp\/v2\/types\/page"}],"author":[{"embeddable":true,"href":"https:\/\/soulsync.com.mx\/en\/wp-json\/wp\/v2\/users\/1"}],"replies":[{"embeddable":true,"href":"https:\/\/soulsync.com.mx\/en\/wp-json\/wp\/v2\/comments?post=751"}],"version-history":[{"count":11,"href":"https:\/\/soulsync.com.mx\/en\/wp-json\/wp\/v2\/pages\/751\/revisions"}],"predecessor-version":[{"id":3835,"href":"https:\/\/soulsync.com.mx\/en\/wp-json\/wp\/v2\/pages\/751\/revisions\/3835"}],"wp:featuredmedia":[{"embeddable":true,"href":"https:\/\/soulsync.com.mx\/en\/wp-json\/wp\/v2\/media\/3564"}],"wp:attachment":[{"href":"https:\/\/soulsync.com.mx\/en\/wp-json\/wp\/v2\/media?parent=751"}],"curies":[{"name":"wp","href":"https:\/\/api.w.org\/{rel}","templated":true}]}}