{"id":905,"date":"2019-03-09T13:18:02","date_gmt":"2019-03-09T13:18:02","guid":{"rendered":"https:\/\/soulsync.com.mx\/?page_id=905"},"modified":"2026-04-09T18:09:44","modified_gmt":"2026-04-09T18:09:44","slug":"viajes-guiados","status":"publish","type":"page","link":"https:\/\/soulsync.com.mx\/en\/viajes-guiados\/","title":{"rendered":"Guided Tours"},"content":{"rendered":"<h2>\n\t\t\tGuided Tours\t<\/h2>\n\t\t\t\t\t\t\t\t\t<img loading=\"lazy\" decoding=\"async\" src=\"https:\/\/soulsync.com.mx\/wp-content\/uploads\/bb-plugin\/cache\/Kareli-Regresion-Soul-Sync-1024x1024-circle.jpg\" alt=\"Regresi\u00f3n al Vientre Materno\" itemprop=\"image\" height=\"1024\" width=\"1024\" title=\"Kareli Regression Soul Sync\" onerror=\"this.style.display='none'\"  \/>\n\t\t<h2>\n\t\t\tMeditations and Regressions\n\t\t<\/h2>\n\t\t\tIn <b data-path-to-node=\"1,0\" data-index-in-node=\"4\">Soul Sync\u00ae<\/b> we design <b data-path-to-node=\"1,0\" data-index-in-node=\"25\">Guided Tours<\/b> that transcend traditional meditation. Through the methodology <b data-path-to-node=\"1,0\" data-index-in-node=\"110\">Beat Healing<\/b>, We facilitate deep dives into safety. <b data-path-to-node=\"1,0\" data-index-in-node=\"181\">Maternal Womb<\/b>, he <b data-path-to-node=\"1,0\" data-index-in-node=\"201\">Temple of your Unconscious<\/b>, and the immensity of <b data-path-to-node=\"1,0\" data-index-in-node=\"257\">Universe<\/b>\u00a0to connect with your cosmic family. By accessing these states of consciousness, the brain strategically recapitulates, reinterprets, and reconstructs your personal history, allowing for self-healing and a profound redefinition of your life&#039;s purpose.\t\t\n\t\t\t\t\t\t<img decoding=\"async\" src=\"https:\/\/soulsync.com.mx\/wp-content\/uploads\/2018\/11\/Soul-Sync_Sello-Color-2.png\" alt=\"Soul Sync Logo Sello\" \/>\n\t<blockquote data-path-to-node=\"2\">\nWe seek to liberate the <b data-path-to-node=\"2,0\" data-index-in-node=\"21\">latent potential<\/b> conservado en tu historia personal, redirigi\u00e9ndolo hacia el descubrimiento y la realizaci\u00f3n de tu prop\u00f3sito de vida. A trav\u00e9s de recapitulaciones enfocadas en el empoderamiento, la gratitud y la resiliencia, transformamos el pasado en un motor para el presente.\nEstas sesiones -disponibles de forma grupal o individual- pueden integrarse con un taller de <strong><a href=\"https:\/\/soulsync.com.mx\/en\/respiracion-sincroncia\/\" target=\"_blank\" rel=\"noopener\">Synchronous Breathing<\/a><\/strong>, donde aprender\u00e1s a descifrar y traducir los mensajes de tu propio coraz\u00f3n.&#8221;\n<\/blockquote>\n\t<p>Duration: 2-3 hours<\/p>\n\t\t\t<a href=\"http:\/\/wa.link\/pnmrde\"  target=\"_self\">\n\t\t\t\t\t\tCheck prices and schedule a session\n\t\t\t\t\t<\/a>\n\t\t\t<a href=\"https:\/\/www.youtube.com\/watch?v=B6gNpTt2wGQ\"  target=\"_blank\" rel=\"noopener\">\n\t\t\t\t\t\tLive a FREE experience now\n\t\t\t\t\t<\/a>\n\tSoul Sync\u00ae integrates into your experiences <strong>Neurosciences<\/strong>, <strong>Transpersonal Psychology and<\/strong>\u00a0<strong>Music<\/strong>.<br \/>\nIn all our experiences we use <strong>specialized devices<\/strong> as the main tool to listen to our own hearts and immerse ourselves in a <strong>natural immersive experience<\/strong>.\n\t\t<h3>\n\t\t\tYou will experience:\n\t\t<\/h3>\n\t\t<h3>\n\t\t\tInner Immersion\n\t\t<\/h3>\n\t\t\tA real auditory connection with your own pulse, activating a state of self-regulation and deep security.\t\t\n\t\t<h3>\n\t\t\tAbsolute Presence\n\t\t<\/h3>\n\t\t\t<p>Where attention integrates thinking and feeling, facilitating deep and conscious contemplation.<\/p>\t\t\n\t\t<h3>\n\t\t\tMusic &amp; Frequencies\n\t\t<\/h3>\n\t\t\t<p>The fusion of your heartbeats with live instruments and frequencies designed to harmonize your heart and brain rhythm.<\/p>\t\t\n<form action=\"\">\n\t<input type=\"hidden\" name=\"fl-layout-id\" value=\"905\" \/>\n\t    \t<h3>Have you already lived it?<\/h3>\n\t\t\t\t<p>Share your experience with us so that we can advance our research. Your testimony is essential to improve the technique and make Beat Healing known throughout the world.<\/p>\n    \t\t<label for=\"pp-name-\">Name<\/label>\n    \t\tPlease enter your name.\n    \t\t<input type=\"text\" name=\"pp-name\" id=\"pp-name-\" value=\"\" placeholder=\"Name\"  \/>\n    \t\t<label for=\"pp-email-\">E-mail<\/label>\n    \t\tPlease enter a valid email address.\n    \t\t<input type=\"email\" name=\"pp-email\" id=\"pp-email-\" value=\"\" placeholder=\"E-mail\"  \/>\n    \t\t<label for=\"pp-message-\">Your experience<\/label>\n    \t\tPlease type your message.\n    \t\t<textarea name=\"pp-message\" id=\"pp-message-\" placeholder=\"Your experience\"><\/textarea>\n    \t<a href=\"#\" target=\"_self\" role=\"button\">\n    \t\t    \t\t    \t\tSend Testimonial\n    \t\t    \t<\/a>\n\t\t\tMessage Sent! Message failed. Please try again.\n<input type=\"hidden\" name=\"trp-form-language\" value=\"en\"\/><\/form>\n<figure itemscope itemtype=\"https:\/\/schema.org\/ImageObject\">\n\t\t\t\t<a href=\"http:\/\/www.soulsync.com\"  target=\"_self\" itemprop=\"url\">\n\t\t\t\t<img decoding=\"async\" src=\"https:\/\/soulsync.com.mx\/wp-content\/uploads\/2019\/07\/SS_Logo_Blanco.png\" alt=\"Soul Sync Logo White\" height=\"152\" width=\"500\" title=\"SS_Logo_Blanco\" onerror=\"this.style.display='none'\" loading=\"lazy\" \/>\n\t\t\t\t<\/a>\n\t<\/figure>\n\tOur <strong>mission<\/strong> it is to help that the whole world to listen to its own heart in an audible way. The <strong>purpose<\/strong> of Soul Sync is to facilitate this experience. We created the term<a href=\"https:\/\/soulsync.com.mx\/en\/beat-healing\/\"><strong>Beat Healing<\/strong><\/a>\u201d&quot;So that the world may hear its heart again. Soul Sync\u00ae, all rights reserved.&quot;.\n\n<h4>\n\t\t\tFollow us:\t<\/h4>\n\t\t<link itemprop=\"url\" href=\"https:\/\/soulsync.com.mx\"\/>\n\t\t<a itemprop=\"sameAs\" href=\"https:\/\/www.instagram.com\/soulsync.beathealing\" target=\"_blank\" title=\"Instagram\" aria-label=\"Instagram\" role=\"button\" rel=\"noopener noreferrer external\">\n\t\t\t\t\t<\/a>\n<h4>\n\t\t\tFeatured Links:\t<\/h4>\n\t<p><a href=\"https:\/\/soulsync.com.mx\/en\/contacto\/\">\u00b7 Contact<\/a><\/p>\n<p><a href=\"https:\/\/soulsync.com.mx\/en\/interocepcion-autodescubrimiento\/\">\u00b7 Interoception<\/a><\/p>\n<p>\u00b7<a href=\"https:\/\/soulsync.com.mx\/en\/articulos\/\"> Blog<\/a><\/p>\n<p><a href=\"http:\/\/www.mayansolutions.com\/en\">\u00b7 Mayan Solutions<\/a><\/p>\n<p><a href=\"https:\/\/inmer-siva.com\/\">\u00b7 IMMERSIVE<\/a><\/p>\n<p><a href=\"http:\/\/www.nahuayoga.com\">\u00b7 Nahua Yoga<\/a><\/p>\n<p><a href=\"https:\/\/www.heartmath.org\/\">\u00b7 HeartMath Institute<\/a><\/p>","protected":false},"excerpt":{"rendered":"<p>Viajes Guiados Meditaciones y Regresiones En Soul Sync\u00ae dise\u00f1amos Viajes Guiados que trascienden la meditaci\u00f3n tradicional. A trav\u00e9s de la metodolog\u00eda Beat Healing, facilitamos inmersiones profundas hacia la seguridad del Vientre Materno, el Templo de tu Inconsciente, y la inmensidad del Universo\u00a0para conectar con tu familia c\u00f3smica. Al acceder a estos estados de consciencia, el&hellip;<\/p>","protected":false},"author":1,"featured_media":676,"parent":0,"menu_order":0,"comment_status":"closed","ping_status":"closed","template":"","meta":{"footnotes":""},"class_list":["post-905","page","type-page","status-publish","has-post-thumbnail","hentry"],"yoast_head":"<!-- This site is optimized with the Yoast SEO plugin v27.1.1 - https:\/\/yoast.com\/product\/yoast-seo-wordpress\/ -->\n<title>Viajes Guiados - Soul Sync\u00ae<\/title>\n<meta name=\"robots\" content=\"index, follow, max-snippet:-1, max-image-preview:large, max-video-preview:-1\" \/>\n<link rel=\"canonical\" href=\"https:\/\/soulsync.com.mx\/en\/viajes-guiados\/\" \/>\n<meta property=\"og:locale\" content=\"en_US\" \/>\n<meta property=\"og:type\" content=\"article\" \/>\n<meta property=\"og:title\" content=\"Viajes Guiados - Soul Sync\u00ae\" \/>\n<meta property=\"og:description\" content=\"Viajes Guiados Meditaciones y Regresiones En Soul Sync\u00ae dise\u00f1amos Viajes Guiados que trascienden la meditaci\u00f3n tradicional. A trav\u00e9s de la metodolog\u00eda Beat Healing, facilitamos inmersiones profundas hacia la seguridad del Vientre Materno, el Templo de tu Inconsciente, y la inmensidad del Universo\u00a0para conectar con tu familia c\u00f3smica. Al acceder a estos estados de consciencia, el&hellip;\" \/>\n<meta property=\"og:url\" content=\"https:\/\/soulsync.com.mx\/en\/viajes-guiados\/\" \/>\n<meta property=\"og:site_name\" content=\"Soul Sync\u00ae\" \/>\n<meta property=\"article:publisher\" content=\"https:\/\/www.facebook.com\/SoulSyncMX\" \/>\n<meta property=\"article:modified_time\" content=\"2026-04-09T18:09:44+00:00\" \/>\n<meta property=\"og:image\" content=\"https:\/\/soulsync.com.mx\/wp-content\/uploads\/2019\/03\/placenta_3.jpg-1024x761.jpg\" \/>\n\t<meta property=\"og:image:width\" content=\"1024\" \/>\n\t<meta property=\"og:image:height\" content=\"761\" \/>\n\t<meta property=\"og:image:type\" content=\"image\/jpeg\" \/>\n<meta name=\"twitter:card\" content=\"summary_large_image\" \/>\n<meta name=\"twitter:label1\" content=\"Est. reading time\" \/>\n\t<meta name=\"twitter:data1\" content=\"4 minutes\" \/>\n<script type=\"application\/ld+json\" class=\"yoast-schema-graph\">{\"@context\":\"https:\/\/schema.org\",\"@graph\":[{\"@type\":\"WebPage\",\"@id\":\"https:\/\/soulsync.com.mx\/viajes-guiados\/\",\"url\":\"https:\/\/soulsync.com.mx\/viajes-guiados\/\",\"name\":\"Viajes Guiados - Soul Sync\u00ae\",\"isPartOf\":{\"@id\":\"https:\/\/soulsync.com.mx\/#website\"},\"primaryImageOfPage\":{\"@id\":\"https:\/\/soulsync.com.mx\/viajes-guiados\/#primaryimage\"},\"image\":{\"@id\":\"https:\/\/soulsync.com.mx\/viajes-guiados\/#primaryimage\"},\"thumbnailUrl\":\"https:\/\/soulsync.com.mx\/wp-content\/uploads\/2019\/03\/placenta_3.jpg-1024x761.jpg\",\"datePublished\":\"2019-03-09T13:18:02+00:00\",\"dateModified\":\"2026-04-09T18:09:44+00:00\",\"breadcrumb\":{\"@id\":\"https:\/\/soulsync.com.mx\/viajes-guiados\/#breadcrumb\"},\"inLanguage\":\"en-US\",\"potentialAction\":[{\"@type\":\"ReadAction\",\"target\":[\"https:\/\/soulsync.com.mx\/viajes-guiados\/\"]}]},{\"@type\":\"ImageObject\",\"inLanguage\":\"en-US\",\"@id\":\"https:\/\/soulsync.com.mx\/viajes-guiados\/#primaryimage\",\"url\":\"https:\/\/soulsync.com.mx\/wp-content\/uploads\/2019\/03\/placenta_3.jpg-1024x761.jpg\",\"contentUrl\":\"https:\/\/soulsync.com.mx\/wp-content\/uploads\/2019\/03\/placenta_3.jpg-1024x761.jpg\",\"width\":1024,\"height\":761},{\"@type\":\"BreadcrumbList\",\"@id\":\"https:\/\/soulsync.com.mx\/viajes-guiados\/#breadcrumb\",\"itemListElement\":[{\"@type\":\"ListItem\",\"position\":1,\"name\":\"Portada\",\"item\":\"https:\/\/soulsync.com.mx\/\"},{\"@type\":\"ListItem\",\"position\":2,\"name\":\"Viajes Guiados\"}]},{\"@type\":\"WebSite\",\"@id\":\"https:\/\/soulsync.com.mx\/#website\",\"url\":\"https:\/\/soulsync.com.mx\/\",\"name\":\"Soul Sync\u00ae\",\"description\":\"Escucha tu Coraz\u00f3n\",\"publisher\":{\"@id\":\"https:\/\/soulsync.com.mx\/#organization\"},\"potentialAction\":[{\"@type\":\"SearchAction\",\"target\":{\"@type\":\"EntryPoint\",\"urlTemplate\":\"https:\/\/soulsync.com.mx\/?s={search_term_string}\"},\"query-input\":{\"@type\":\"PropertyValueSpecification\",\"valueRequired\":true,\"valueName\":\"search_term_string\"}}],\"inLanguage\":\"en-US\"},{\"@type\":\"Organization\",\"@id\":\"https:\/\/soulsync.com.mx\/#organization\",\"name\":\"Soul Sync\",\"url\":\"https:\/\/soulsync.com.mx\/\",\"logo\":{\"@type\":\"ImageObject\",\"inLanguage\":\"en-US\",\"@id\":\"https:\/\/soulsync.com.mx\/#\/schema\/logo\/image\/\",\"url\":\"https:\/\/soulsync.com.mx\/wp-content\/uploads\/2018\/11\/cropped-Soul-Sync_Sello-Blanco-1.png\",\"contentUrl\":\"https:\/\/soulsync.com.mx\/wp-content\/uploads\/2018\/11\/cropped-Soul-Sync_Sello-Blanco-1.png\",\"width\":512,\"height\":512,\"caption\":\"Soul Sync\"},\"image\":{\"@id\":\"https:\/\/soulsync.com.mx\/#\/schema\/logo\/image\/\"},\"sameAs\":[\"https:\/\/www.facebook.com\/SoulSyncMX\",\"https:\/\/www.youtube.com\/channel\/UC__EWDK7LE43d558-w28yFA\",\"https:\/\/www.facebook.com\/soulsync.beathealing\"]}]}<\/script>\n<!-- \/ Yoast SEO plugin. -->","yoast_head_json":{"title":"Viajes Guiados - Soul Sync\u00ae","robots":{"index":"index","follow":"follow","max-snippet":"max-snippet:-1","max-image-preview":"max-image-preview:large","max-video-preview":"max-video-preview:-1"},"canonical":"https:\/\/soulsync.com.mx\/en\/viajes-guiados\/","og_locale":"en_US","og_type":"article","og_title":"Viajes Guiados - Soul Sync\u00ae","og_description":"Viajes Guiados Meditaciones y Regresiones En Soul Sync\u00ae dise\u00f1amos Viajes Guiados que trascienden la meditaci\u00f3n tradicional. A trav\u00e9s de la metodolog\u00eda Beat Healing, facilitamos inmersiones profundas hacia la seguridad del Vientre Materno, el Templo de tu Inconsciente, y la inmensidad del Universo\u00a0para conectar con tu familia c\u00f3smica. Al acceder a estos estados de consciencia, el&hellip;","og_url":"https:\/\/soulsync.com.mx\/en\/viajes-guiados\/","og_site_name":"Soul Sync\u00ae","article_publisher":"https:\/\/www.facebook.com\/SoulSyncMX","article_modified_time":"2026-04-09T18:09:44+00:00","og_image":[{"width":1024,"height":761,"url":"https:\/\/soulsync.com.mx\/wp-content\/uploads\/2019\/03\/placenta_3.jpg-1024x761.jpg","type":"image\/jpeg"}],"twitter_card":"summary_large_image","twitter_misc":{"Est. reading time":"4 minutes"},"schema":{"@context":"https:\/\/schema.org","@graph":[{"@type":"WebPage","@id":"https:\/\/soulsync.com.mx\/viajes-guiados\/","url":"https:\/\/soulsync.com.mx\/viajes-guiados\/","name":"Viajes Guiados - Soul Sync\u00ae","isPartOf":{"@id":"https:\/\/soulsync.com.mx\/#website"},"primaryImageOfPage":{"@id":"https:\/\/soulsync.com.mx\/viajes-guiados\/#primaryimage"},"image":{"@id":"https:\/\/soulsync.com.mx\/viajes-guiados\/#primaryimage"},"thumbnailUrl":"https:\/\/soulsync.com.mx\/wp-content\/uploads\/2019\/03\/placenta_3.jpg-1024x761.jpg","datePublished":"2019-03-09T13:18:02+00:00","dateModified":"2026-04-09T18:09:44+00:00","breadcrumb":{"@id":"https:\/\/soulsync.com.mx\/viajes-guiados\/#breadcrumb"},"inLanguage":"en-US","potentialAction":[{"@type":"ReadAction","target":["https:\/\/soulsync.com.mx\/viajes-guiados\/"]}]},{"@type":"ImageObject","inLanguage":"en-US","@id":"https:\/\/soulsync.com.mx\/viajes-guiados\/#primaryimage","url":"https:\/\/soulsync.com.mx\/wp-content\/uploads\/2019\/03\/placenta_3.jpg-1024x761.jpg","contentUrl":"https:\/\/soulsync.com.mx\/wp-content\/uploads\/2019\/03\/placenta_3.jpg-1024x761.jpg","width":1024,"height":761},{"@type":"BreadcrumbList","@id":"https:\/\/soulsync.com.mx\/viajes-guiados\/#breadcrumb","itemListElement":[{"@type":"ListItem","position":1,"name":"Portada","item":"https:\/\/soulsync.com.mx\/"},{"@type":"ListItem","position":2,"name":"Viajes Guiados"}]},{"@type":"WebSite","@id":"https:\/\/soulsync.com.mx\/#website","url":"https:\/\/soulsync.com.mx\/","name":"Soul Sync\u00ae","description":"Listen to your heart","publisher":{"@id":"https:\/\/soulsync.com.mx\/#organization"},"potentialAction":[{"@type":"SearchAction","target":{"@type":"EntryPoint","urlTemplate":"https:\/\/soulsync.com.mx\/?s={search_term_string}"},"query-input":{"@type":"PropertyValueSpecification","valueRequired":true,"valueName":"search_term_string"}}],"inLanguage":"en-US"},{"@type":"Organization","@id":"https:\/\/soulsync.com.mx\/#organization","name":"Soul Sync","url":"https:\/\/soulsync.com.mx\/","logo":{"@type":"ImageObject","inLanguage":"en-US","@id":"https:\/\/soulsync.com.mx\/#\/schema\/logo\/image\/","url":"https:\/\/soulsync.com.mx\/wp-content\/uploads\/2018\/11\/cropped-Soul-Sync_Sello-Blanco-1.png","contentUrl":"https:\/\/soulsync.com.mx\/wp-content\/uploads\/2018\/11\/cropped-Soul-Sync_Sello-Blanco-1.png","width":512,"height":512,"caption":"Soul Sync"},"image":{"@id":"https:\/\/soulsync.com.mx\/#\/schema\/logo\/image\/"},"sameAs":["https:\/\/www.facebook.com\/SoulSyncMX","https:\/\/www.youtube.com\/channel\/UC__EWDK7LE43d558-w28yFA","https:\/\/www.facebook.com\/soulsync.beathealing"]}]}},"_links":{"self":[{"href":"https:\/\/soulsync.com.mx\/en\/wp-json\/wp\/v2\/pages\/905","targetHints":{"allow":["GET"]}}],"collection":[{"href":"https:\/\/soulsync.com.mx\/en\/wp-json\/wp\/v2\/pages"}],"about":[{"href":"https:\/\/soulsync.com.mx\/en\/wp-json\/wp\/v2\/types\/page"}],"author":[{"embeddable":true,"href":"https:\/\/soulsync.com.mx\/en\/wp-json\/wp\/v2\/users\/1"}],"replies":[{"embeddable":true,"href":"https:\/\/soulsync.com.mx\/en\/wp-json\/wp\/v2\/comments?post=905"}],"version-history":[{"count":11,"href":"https:\/\/soulsync.com.mx\/en\/wp-json\/wp\/v2\/pages\/905\/revisions"}],"predecessor-version":[{"id":3841,"href":"https:\/\/soulsync.com.mx\/en\/wp-json\/wp\/v2\/pages\/905\/revisions\/3841"}],"wp:featuredmedia":[{"embeddable":true,"href":"https:\/\/soulsync.com.mx\/en\/wp-json\/wp\/v2\/media\/676"}],"wp:attachment":[{"href":"https:\/\/soulsync.com.mx\/en\/wp-json\/wp\/v2\/media?parent=905"}],"curies":[{"name":"wp","href":"https:\/\/api.w.org\/{rel}","templated":true}]}}