{"id":913,"date":"2019-03-09T13:49:48","date_gmt":"2019-03-09T13:49:48","guid":{"rendered":"https:\/\/soulsync.com.mx\/?page_id=913"},"modified":"2026-04-09T18:09:17","modified_gmt":"2026-04-09T18:09:17","slug":"interconexion","status":"publish","type":"page","link":"https:\/\/soulsync.com.mx\/en\/interconexion\/","title":{"rendered":"Soul Sync Interconnect"},"content":{"rendered":"<h2>\n\t\t\tInterconnection\t<\/h2>\n\t\t\t\t\t\t\t\t\t<img loading=\"lazy\" decoding=\"async\" src=\"https:\/\/soulsync.com.mx\/wp-content\/uploads\/bb-plugin\/cache\/Interconexion-Soul-Sync-circle.jpg\" alt=\"Interconexi\u00f3n\" itemprop=\"image\" height=\"1164\" width=\"1164\" title=\"Soul Sync Interconnection\" onerror=\"this.style.display='none'\"  \/>\n\t\t<h2>\n\t\t\tRelational Synchrony\n\t\t<\/h2>\n\t\t\t<p><em><strong>\u201cListening to my partner&#039;s heart was magical, as if our worlds had truly merged. I&#039;d never felt such a deep connection; it&#039;s something I can&#039;t explain.\u201d<br \/><\/strong>Anonymous Participant<\/em><\/p>\t\t\n\t\t\t\t\t\t<img decoding=\"async\" src=\"https:\/\/soulsync.com.mx\/wp-content\/uploads\/2018\/11\/Soul-Sync_Sello-Color-2.png\" alt=\"Soul Sync Logo Sello\" \/>\n\t<blockquote><p>At Soul Sync\u00ae, we&#039;ve designed an unparalleled experience of interconnection and emotional and spiritual recognition. In it, two (or more) people can listen to their own hearts and experience a true synchronization of heart rhythms live. They will also learn to <strong>interpret<\/strong> the messages that the heart communicates and will experience a state of compassion and deep connection.<\/p>\n<p>This workshop can be experienced in <strong>group<\/strong> and\/or in <strong>couples\u00a0<\/strong>(family and friends apply). The experience guarantees the creation of a new channel of communication between people, offering a new way of <strong>collaboration<\/strong> and <strong>conciliation\u00a0<\/strong>that prevails for the rest of their lives.<\/p><\/blockquote>\n\t<strong>Duration: 2 hours<\/strong><strong><br \/>\n<\/strong>\n\t\t\t<a href=\"http:\/\/wa.link\/pnmrde\"  target=\"_self\">\n\t\t\t\t\t\tCheck prices and schedule a session\n\t\t\t\t\t<\/a>\n\tSoul Sync\u00ae integrates into your experiences <strong>Neurosciences<\/strong>, <strong>Transpersonal Psychology and<\/strong>\u00a0<strong>Music<\/strong>.<br \/>\nIn all our experiences we use <strong>specialized devices<\/strong> as the main tool to listen to our own hearts and immerse ourselves in a <strong>natural immersive experience<\/strong>.\n\t\t<h3>\n\t\t\tYou will experience:\n\t\t<\/h3>\n\t\t<h3>\n\t\t\tInner Immersion\n\t\t<\/h3>\n\t\t\tA real auditory connection with your own pulse, activating a state of self-regulation and deep security.\t\t\n\t\t<h3>\n\t\t\tAbsolute Presence\n\t\t<\/h3>\n\t\t\t<p>Where attention integrates thinking and feeling, facilitating deep and conscious contemplation.<\/p>\t\t\n\t\t<h3>\n\t\t\tMusic &amp; Frequencies\n\t\t<\/h3>\n\t\t\t<p>The fusion of your heartbeats with live instruments and frequencies designed to harmonize your heart and brain rhythm.<\/p>\t\t\n<form action=\"\">\n\t<input type=\"hidden\" name=\"fl-layout-id\" value=\"913\" \/>\n\t    \t<h3>Have you already lived it?<\/h3>\n\t\t\t\t<p>Share your experience with us so that we can advance our research. Your testimony is essential to improve the technique and make Beat Healing known throughout the world.<\/p>\n    \t\t<label for=\"pp-name-\">Name<\/label>\n    \t\tPlease enter your name.\n    \t\t<input type=\"text\" name=\"pp-name\" id=\"pp-name-\" value=\"\" placeholder=\"Name\"  \/>\n    \t\t<label for=\"pp-email-\">E-mail<\/label>\n    \t\tPlease enter a valid email address.\n    \t\t<input type=\"email\" name=\"pp-email\" id=\"pp-email-\" value=\"\" placeholder=\"E-mail\"  \/>\n    \t\t<label for=\"pp-message-\">Your experience<\/label>\n    \t\tPlease type your message.\n    \t\t<textarea name=\"pp-message\" id=\"pp-message-\" placeholder=\"Your experience\"><\/textarea>\n    \t<a href=\"#\" target=\"_self\" role=\"button\">\n    \t\t    \t\t    \t\tSend Testimonial\n    \t\t    \t<\/a>\n\t\t\tMessage Sent! Message failed. Please try again.\n<input type=\"hidden\" name=\"trp-form-language\" value=\"en\"\/><\/form>\n\t\t\t<a href=\"https:\/\/soulsync.com.mx\/en\/contacto\/\"  target=\"_self\">\n\t\t\t\t\t\tCheck the prices of this experience\n\t\t\t\t\t<\/a>\n\t\t\t<a href=\"https:\/\/soulsync.com.mx\/en\/testimonios\/\"  target=\"_self\">\n\t\t\t\t\t\tAll Testimonials\n\t\t\t\t\t<\/a>\n<figure itemscope itemtype=\"https:\/\/schema.org\/ImageObject\">\n\t\t\t\t<a href=\"http:\/\/www.soulsync.com\"  target=\"_self\" itemprop=\"url\">\n\t\t\t\t<img decoding=\"async\" src=\"https:\/\/soulsync.com.mx\/wp-content\/uploads\/2019\/07\/SS_Logo_Blanco.png\" alt=\"Soul Sync Logo White\" height=\"152\" width=\"500\" title=\"SS_Logo_Blanco\" onerror=\"this.style.display='none'\" loading=\"lazy\" \/>\n\t\t\t\t<\/a>\n\t<\/figure>\n\tOur <strong>mission<\/strong> it is to help that the whole world to listen to its own heart in an audible way. The <strong>purpose<\/strong> of Soul Sync is to facilitate this experience. We created the term<a href=\"https:\/\/soulsync.com.mx\/en\/beat-healing\/\"><strong>Beat Healing<\/strong><\/a>\u201d&quot;So that the world may hear its heart again. Soul Sync\u00ae, all rights reserved.&quot;.\n\n<h4>\n\t\t\tFollow us:\t<\/h4>\n\t\t<link itemprop=\"url\" href=\"https:\/\/soulsync.com.mx\"\/>\n\t\t<a itemprop=\"sameAs\" href=\"https:\/\/www.instagram.com\/soulsync.beathealing\" target=\"_blank\" title=\"Instagram\" aria-label=\"Instagram\" role=\"button\" rel=\"noopener noreferrer external\">\n\t\t\t\t\t<\/a>\n<h4>\n\t\t\tFeatured Links:\t<\/h4>\n\t<p><a href=\"https:\/\/soulsync.com.mx\/en\/contacto\/\">\u00b7 Contact<\/a><\/p>\n<p><a href=\"https:\/\/soulsync.com.mx\/en\/interocepcion-autodescubrimiento\/\">\u00b7 Interoception<\/a><\/p>\n<p>\u00b7<a href=\"https:\/\/soulsync.com.mx\/en\/articulos\/\"> Blog<\/a><\/p>\n<p><a href=\"http:\/\/www.mayansolutions.com\/en\">\u00b7 Mayan Solutions<\/a><\/p>\n<p><a href=\"https:\/\/inmer-siva.com\/\">\u00b7 IMMERSIVE<\/a><\/p>\n<p><a href=\"http:\/\/www.nahuayoga.com\">\u00b7 Nahua Yoga<\/a><\/p>\n<p><a href=\"https:\/\/www.heartmath.org\/\">\u00b7 HeartMath Institute<\/a><\/p>","protected":false},"excerpt":{"rendered":"<p>Interconnection Relational Synchronicity \u201cListening to my partner\u2019s heartbeat was magical, as if our worlds truly merged. I had never felt such a deep connection; it\u2019s something I can\u2019t explain.\u201d Anonymous Participant At Soul Sync\u00ae, we designed an unparalleled experience of interconnection and emotional and spiritual recognition. In it, two (or more) people can listen\u2026<\/p>","protected":false},"author":1,"featured_media":1575,"parent":0,"menu_order":0,"comment_status":"closed","ping_status":"closed","template":"","meta":{"footnotes":""},"class_list":["post-913","page","type-page","status-publish","has-post-thumbnail","hentry"],"yoast_head":"<!-- This site is optimized with the Yoast SEO plugin v27.1.1 - https:\/\/yoast.com\/product\/yoast-seo-wordpress\/ -->\n<title>Interconexi\u00f3n Soul Sync - Soul Sync\u00ae<\/title>\n<meta name=\"robots\" content=\"index, follow, max-snippet:-1, max-image-preview:large, max-video-preview:-1\" \/>\n<link rel=\"canonical\" href=\"https:\/\/soulsync.com.mx\/en\/interconexion\/\" \/>\n<meta property=\"og:locale\" content=\"en_US\" \/>\n<meta property=\"og:type\" content=\"article\" \/>\n<meta property=\"og:title\" content=\"Interconexi\u00f3n Soul Sync - Soul Sync\u00ae\" \/>\n<meta property=\"og:description\" content=\"Interconexi\u00f3n Sincron\u00eda Relacional &#8220;Escuchar el coraz\u00f3n de mi pareja fue m\u00e1gico, como si nuestros mundos se unieran de verdad. Nunca hab\u00eda sentido una conexi\u00f3n tan profunda, es algo que no puedo explicar.&#8221;Participante An\u00f3nimo En Soul Sync\u00ae dise\u00f1amos una experiencia inigualable de interconexi\u00f3n y reconocimiento emocional y espiritual. En ella, dos (o m\u00e1s) personas pueden escuchar&hellip;\" \/>\n<meta property=\"og:url\" content=\"https:\/\/soulsync.com.mx\/en\/interconexion\/\" \/>\n<meta property=\"og:site_name\" content=\"Soul Sync\u00ae\" \/>\n<meta property=\"article:publisher\" content=\"https:\/\/www.facebook.com\/SoulSyncMX\" \/>\n<meta property=\"article:modified_time\" content=\"2026-04-09T18:09:17+00:00\" \/>\n<meta property=\"og:image\" content=\"https:\/\/soulsync.com.mx\/wp-content\/uploads\/2019\/12\/SS_PP2020_alt.png\" \/>\n\t<meta property=\"og:image:width\" content=\"1080\" \/>\n\t<meta property=\"og:image:height\" content=\"1080\" \/>\n\t<meta property=\"og:image:type\" content=\"image\/png\" \/>\n<meta name=\"twitter:card\" content=\"summary_large_image\" \/>\n<meta name=\"twitter:label1\" content=\"Est. reading time\" \/>\n\t<meta name=\"twitter:data1\" content=\"3 minutes\" \/>\n<script type=\"application\/ld+json\" class=\"yoast-schema-graph\">{\"@context\":\"https:\/\/schema.org\",\"@graph\":[{\"@type\":\"WebPage\",\"@id\":\"https:\/\/soulsync.com.mx\/interconexion\/\",\"url\":\"https:\/\/soulsync.com.mx\/interconexion\/\",\"name\":\"Interconexi\u00f3n Soul Sync - Soul Sync\u00ae\",\"isPartOf\":{\"@id\":\"https:\/\/soulsync.com.mx\/#website\"},\"primaryImageOfPage\":{\"@id\":\"https:\/\/soulsync.com.mx\/interconexion\/#primaryimage\"},\"image\":{\"@id\":\"https:\/\/soulsync.com.mx\/interconexion\/#primaryimage\"},\"thumbnailUrl\":\"https:\/\/soulsync.com.mx\/wp-content\/uploads\/2019\/12\/SS_PP2020_alt.png\",\"datePublished\":\"2019-03-09T13:49:48+00:00\",\"dateModified\":\"2026-04-09T18:09:17+00:00\",\"breadcrumb\":{\"@id\":\"https:\/\/soulsync.com.mx\/interconexion\/#breadcrumb\"},\"inLanguage\":\"en-US\",\"potentialAction\":[{\"@type\":\"ReadAction\",\"target\":[\"https:\/\/soulsync.com.mx\/interconexion\/\"]}]},{\"@type\":\"ImageObject\",\"inLanguage\":\"en-US\",\"@id\":\"https:\/\/soulsync.com.mx\/interconexion\/#primaryimage\",\"url\":\"https:\/\/soulsync.com.mx\/wp-content\/uploads\/2019\/12\/SS_PP2020_alt.png\",\"contentUrl\":\"https:\/\/soulsync.com.mx\/wp-content\/uploads\/2019\/12\/SS_PP2020_alt.png\",\"width\":1080,\"height\":1080,\"caption\":\"Soul Sync Meditacion\"},{\"@type\":\"BreadcrumbList\",\"@id\":\"https:\/\/soulsync.com.mx\/interconexion\/#breadcrumb\",\"itemListElement\":[{\"@type\":\"ListItem\",\"position\":1,\"name\":\"Portada\",\"item\":\"https:\/\/soulsync.com.mx\/\"},{\"@type\":\"ListItem\",\"position\":2,\"name\":\"Interconexi\u00f3n Soul Sync\"}]},{\"@type\":\"WebSite\",\"@id\":\"https:\/\/soulsync.com.mx\/#website\",\"url\":\"https:\/\/soulsync.com.mx\/\",\"name\":\"Soul Sync\u00ae\",\"description\":\"Escucha tu Coraz\u00f3n\",\"publisher\":{\"@id\":\"https:\/\/soulsync.com.mx\/#organization\"},\"potentialAction\":[{\"@type\":\"SearchAction\",\"target\":{\"@type\":\"EntryPoint\",\"urlTemplate\":\"https:\/\/soulsync.com.mx\/?s={search_term_string}\"},\"query-input\":{\"@type\":\"PropertyValueSpecification\",\"valueRequired\":true,\"valueName\":\"search_term_string\"}}],\"inLanguage\":\"en-US\"},{\"@type\":\"Organization\",\"@id\":\"https:\/\/soulsync.com.mx\/#organization\",\"name\":\"Soul Sync\",\"url\":\"https:\/\/soulsync.com.mx\/\",\"logo\":{\"@type\":\"ImageObject\",\"inLanguage\":\"en-US\",\"@id\":\"https:\/\/soulsync.com.mx\/#\/schema\/logo\/image\/\",\"url\":\"https:\/\/soulsync.com.mx\/wp-content\/uploads\/2018\/11\/cropped-Soul-Sync_Sello-Blanco-1.png\",\"contentUrl\":\"https:\/\/soulsync.com.mx\/wp-content\/uploads\/2018\/11\/cropped-Soul-Sync_Sello-Blanco-1.png\",\"width\":512,\"height\":512,\"caption\":\"Soul Sync\"},\"image\":{\"@id\":\"https:\/\/soulsync.com.mx\/#\/schema\/logo\/image\/\"},\"sameAs\":[\"https:\/\/www.facebook.com\/SoulSyncMX\",\"https:\/\/www.youtube.com\/channel\/UC__EWDK7LE43d558-w28yFA\",\"https:\/\/www.facebook.com\/soulsync.beathealing\"]}]}<\/script>\n<!-- \/ Yoast SEO plugin. -->","yoast_head_json":{"title":"Soul Sync Interconnect - Soul Sync\u00ae","robots":{"index":"index","follow":"follow","max-snippet":"max-snippet:-1","max-image-preview":"max-image-preview:large","max-video-preview":"max-video-preview:-1"},"canonical":"https:\/\/soulsync.com.mx\/en\/interconexion\/","og_locale":"en_US","og_type":"article","og_title":"Interconexi\u00f3n Soul Sync - Soul Sync\u00ae","og_description":"Interconexi\u00f3n Sincron\u00eda Relacional &#8220;Escuchar el coraz\u00f3n de mi pareja fue m\u00e1gico, como si nuestros mundos se unieran de verdad. Nunca hab\u00eda sentido una conexi\u00f3n tan profunda, es algo que no puedo explicar.&#8221;Participante An\u00f3nimo En Soul Sync\u00ae dise\u00f1amos una experiencia inigualable de interconexi\u00f3n y reconocimiento emocional y espiritual. En ella, dos (o m\u00e1s) personas pueden escuchar&hellip;","og_url":"https:\/\/soulsync.com.mx\/en\/interconexion\/","og_site_name":"Soul Sync\u00ae","article_publisher":"https:\/\/www.facebook.com\/SoulSyncMX","article_modified_time":"2026-04-09T18:09:17+00:00","og_image":[{"width":1080,"height":1080,"url":"https:\/\/soulsync.com.mx\/wp-content\/uploads\/2019\/12\/SS_PP2020_alt.png","type":"image\/png"}],"twitter_card":"summary_large_image","twitter_misc":{"Est. reading time":"3 minutes"},"schema":{"@context":"https:\/\/schema.org","@graph":[{"@type":"WebPage","@id":"https:\/\/soulsync.com.mx\/interconexion\/","url":"https:\/\/soulsync.com.mx\/interconexion\/","name":"Soul Sync Interconnect - Soul Sync\u00ae","isPartOf":{"@id":"https:\/\/soulsync.com.mx\/#website"},"primaryImageOfPage":{"@id":"https:\/\/soulsync.com.mx\/interconexion\/#primaryimage"},"image":{"@id":"https:\/\/soulsync.com.mx\/interconexion\/#primaryimage"},"thumbnailUrl":"https:\/\/soulsync.com.mx\/wp-content\/uploads\/2019\/12\/SS_PP2020_alt.png","datePublished":"2019-03-09T13:49:48+00:00","dateModified":"2026-04-09T18:09:17+00:00","breadcrumb":{"@id":"https:\/\/soulsync.com.mx\/interconexion\/#breadcrumb"},"inLanguage":"en-US","potentialAction":[{"@type":"ReadAction","target":["https:\/\/soulsync.com.mx\/interconexion\/"]}]},{"@type":"ImageObject","inLanguage":"en-US","@id":"https:\/\/soulsync.com.mx\/interconexion\/#primaryimage","url":"https:\/\/soulsync.com.mx\/wp-content\/uploads\/2019\/12\/SS_PP2020_alt.png","contentUrl":"https:\/\/soulsync.com.mx\/wp-content\/uploads\/2019\/12\/SS_PP2020_alt.png","width":1080,"height":1080,"caption":"Soul Sync Meditacion"},{"@type":"BreadcrumbList","@id":"https:\/\/soulsync.com.mx\/interconexion\/#breadcrumb","itemListElement":[{"@type":"ListItem","position":1,"name":"Portada","item":"https:\/\/soulsync.com.mx\/"},{"@type":"ListItem","position":2,"name":"Interconexi\u00f3n Soul Sync"}]},{"@type":"WebSite","@id":"https:\/\/soulsync.com.mx\/#website","url":"https:\/\/soulsync.com.mx\/","name":"Soul Sync\u00ae","description":"Listen to your heart","publisher":{"@id":"https:\/\/soulsync.com.mx\/#organization"},"potentialAction":[{"@type":"SearchAction","target":{"@type":"EntryPoint","urlTemplate":"https:\/\/soulsync.com.mx\/?s={search_term_string}"},"query-input":{"@type":"PropertyValueSpecification","valueRequired":true,"valueName":"search_term_string"}}],"inLanguage":"en-US"},{"@type":"Organization","@id":"https:\/\/soulsync.com.mx\/#organization","name":"Soul Sync","url":"https:\/\/soulsync.com.mx\/","logo":{"@type":"ImageObject","inLanguage":"en-US","@id":"https:\/\/soulsync.com.mx\/#\/schema\/logo\/image\/","url":"https:\/\/soulsync.com.mx\/wp-content\/uploads\/2018\/11\/cropped-Soul-Sync_Sello-Blanco-1.png","contentUrl":"https:\/\/soulsync.com.mx\/wp-content\/uploads\/2018\/11\/cropped-Soul-Sync_Sello-Blanco-1.png","width":512,"height":512,"caption":"Soul Sync"},"image":{"@id":"https:\/\/soulsync.com.mx\/#\/schema\/logo\/image\/"},"sameAs":["https:\/\/www.facebook.com\/SoulSyncMX","https:\/\/www.youtube.com\/channel\/UC__EWDK7LE43d558-w28yFA","https:\/\/www.facebook.com\/soulsync.beathealing"]}]}},"_links":{"self":[{"href":"https:\/\/soulsync.com.mx\/en\/wp-json\/wp\/v2\/pages\/913","targetHints":{"allow":["GET"]}}],"collection":[{"href":"https:\/\/soulsync.com.mx\/en\/wp-json\/wp\/v2\/pages"}],"about":[{"href":"https:\/\/soulsync.com.mx\/en\/wp-json\/wp\/v2\/types\/page"}],"author":[{"embeddable":true,"href":"https:\/\/soulsync.com.mx\/en\/wp-json\/wp\/v2\/users\/1"}],"replies":[{"embeddable":true,"href":"https:\/\/soulsync.com.mx\/en\/wp-json\/wp\/v2\/comments?post=913"}],"version-history":[{"count":11,"href":"https:\/\/soulsync.com.mx\/en\/wp-json\/wp\/v2\/pages\/913\/revisions"}],"predecessor-version":[{"id":3840,"href":"https:\/\/soulsync.com.mx\/en\/wp-json\/wp\/v2\/pages\/913\/revisions\/3840"}],"wp:featuredmedia":[{"embeddable":true,"href":"https:\/\/soulsync.com.mx\/en\/wp-json\/wp\/v2\/media\/1575"}],"wp:attachment":[{"href":"https:\/\/soulsync.com.mx\/en\/wp-json\/wp\/v2\/media?parent=913"}],"curies":[{"name":"wp","href":"https:\/\/api.w.org\/{rel}","templated":true}]}}